{"id":9653,"date":"2025-02-24T17:41:39","date_gmt":"2025-02-24T16:51:13","guid":{"rendered":"https:\/\/goromenstore.com\/pijama-de-verano-hanro\/"},"modified":"2025-02-24T17:51:13","modified_gmt":"2025-02-24T16:51:13","slug":"pijama-de-verano-hanro","status":"publish","type":"product","link":"https:\/\/goromenstore.com\/ca\/producte\/pijama-de-verano-hanro\/","title":{"rendered":"PIJAMA DE VERANO HANRO"},"content":{"rendered":"<p>\u00c9ste es el pijama perfecto para el verano: dise\u00f1o discreto, m\u00e1xima comodidad y tejido de alta calidad. Este conjunto consta de una camiseta de color liso y un pantal\u00f3n corto con un sutil estampado con una c\u00f3moda cintura y dos bolsillos laterales. Cuando empiezan a subir las temperaturas, nos gusta llevar ropa de dormir de algod\u00f3n 100%: esta fibra natural es transpirable, agradable para la piel y ofrece mucha libertad de movimiento mientras dormimos. El jersey sencillo, suave y blando, es un aut\u00e9ntico lujo para la piel.   <\/p>\n","protected":false},"excerpt":{"rendered":"<ul>\n<li>Tejido agradable 100% algod\u00f3n<\/li>\n<li>Top de color liso, pantalones cortos con estampado elegante<\/li>\n<li>Cintura el\u00e1stica forrada en ropa y dos bolsillos<\/li>\n<li>Agradable para la piel, transpirable y duradero.<\/li>\n<\/ul>\n","protected":false},"featured_media":9632,"comment_status":"open","ping_status":"closed","template":"","meta":{"_monsterinsights_skip_tracking":false,"_monsterinsights_sitenote_active":false,"_monsterinsights_sitenote_note":"","_monsterinsights_sitenote_category":0},"product_cat":[1477],"product_tag":[],"class_list":{"0":"post-9653","1":"product","2":"type-product","3":"status-publish","4":"has-post-thumbnail","6":"product_brand-hanro","7":"product_cat-pijames-home","9":"first","10":"instock","11":"shipping-taxable","12":"purchasable","13":"product-type-variable"},"aioseo_notices":[],"_links":{"self":[{"href":"https:\/\/goromenstore.com\/ca\/wp-json\/wp\/v2\/product\/9653","targetHints":{"allow":["GET"]}}],"collection":[{"href":"https:\/\/goromenstore.com\/ca\/wp-json\/wp\/v2\/product"}],"about":[{"href":"https:\/\/goromenstore.com\/ca\/wp-json\/wp\/v2\/types\/product"}],"replies":[{"embeddable":true,"href":"https:\/\/goromenstore.com\/ca\/wp-json\/wp\/v2\/comments?post=9653"}],"wp:featuredmedia":[{"embeddable":true,"href":"https:\/\/goromenstore.com\/ca\/wp-json\/wp\/v2\/media\/9632"}],"wp:attachment":[{"href":"https:\/\/goromenstore.com\/ca\/wp-json\/wp\/v2\/media?parent=9653"}],"wp:term":[{"taxonomy":"product_cat","embeddable":true,"href":"https:\/\/goromenstore.com\/ca\/wp-json\/wp\/v2\/product_cat?post=9653"},{"taxonomy":"product_tag","embeddable":true,"href":"https:\/\/goromenstore.com\/ca\/wp-json\/wp\/v2\/product_tag?post=9653"}],"curies":[{"name":"wp","href":"https:\/\/api.w.org\/{rel}","templated":true}]}}