{"id":9576,"date":"2024-09-09T19:25:16","date_gmt":"2025-02-21T14:04:43","guid":{"rendered":"https:\/\/goromenstore.com\/pantalo-curt-viscosa-hanro\/"},"modified":"2025-02-21T15:04:43","modified_gmt":"2025-02-21T14:04:43","slug":"pantalo-curt-viscosa-hanro","status":"publish","type":"product","link":"https:\/\/goromenstore.com\/ca\/producte\/pantalo-curt-viscosa-hanro\/","title":{"rendered":"PANTAL\u00d3 CURT VISCOSA HANRO"},"content":{"rendered":"<p>Hanro Casuals \u00e9s una col\u00b7lecci\u00f3 de peces elegants imprescindibles. Un grup d&#8217;estils vers\u00e0tils perfectes per relaxar-se, treballar des de casa, viatjar o estar actiu. Infinites opcions que s\u00f3n perfectes per barrejar i combinar i fins i tot per fer servir en capes. Els pantalons curts d&#8217;estar per casa estan confeccionats amb una tela de viscosa lleugera i especialment suau. T\u00e9 una cintura el\u00e0stica amb un cord\u00f3 funcional que garanteix un ajustament perfecte.    <\/p>\n","protected":false},"excerpt":{"rendered":"<p>Confeccionat a partir d\u00b4una barreja de viscosa i elast\u00e0.<br \/>\nSuau i fluid<br \/>\nF\u00e0cil cura, extremadament c\u00f2mode.<br \/>\nPr\u00e0ctics butxaques laterals<br \/>\nMosca falsa<br \/>\nCintura amb cord\u00f3 per a un ajustament personalitzat<\/p>\n","protected":false},"featured_media":8030,"comment_status":"open","ping_status":"closed","template":"","meta":{"_monsterinsights_skip_tracking":false,"_monsterinsights_sitenote_active":false,"_monsterinsights_sitenote_note":"","_monsterinsights_sitenote_category":0},"product_cat":[1403,1479,1477],"product_tag":[],"class_list":{"0":"post-9576","1":"product","2":"type-product","3":"status-publish","4":"has-post-thumbnail","6":"product_brand-hanro","7":"product_cat-homewear-home","8":"product_cat-pantalons-homewear-home","9":"product_cat-pijames-home","11":"first","12":"instock","13":"shipping-taxable","14":"purchasable","15":"product-type-variable"},"aioseo_notices":[],"_links":{"self":[{"href":"https:\/\/goromenstore.com\/ca\/wp-json\/wp\/v2\/product\/9576","targetHints":{"allow":["GET"]}}],"collection":[{"href":"https:\/\/goromenstore.com\/ca\/wp-json\/wp\/v2\/product"}],"about":[{"href":"https:\/\/goromenstore.com\/ca\/wp-json\/wp\/v2\/types\/product"}],"replies":[{"embeddable":true,"href":"https:\/\/goromenstore.com\/ca\/wp-json\/wp\/v2\/comments?post=9576"}],"wp:featuredmedia":[{"embeddable":true,"href":"https:\/\/goromenstore.com\/ca\/wp-json\/wp\/v2\/media\/8030"}],"wp:attachment":[{"href":"https:\/\/goromenstore.com\/ca\/wp-json\/wp\/v2\/media?parent=9576"}],"wp:term":[{"taxonomy":"product_cat","embeddable":true,"href":"https:\/\/goromenstore.com\/ca\/wp-json\/wp\/v2\/product_cat?post=9576"},{"taxonomy":"product_tag","embeddable":true,"href":"https:\/\/goromenstore.com\/ca\/wp-json\/wp\/v2\/product_tag?post=9576"}],"curies":[{"name":"wp","href":"https:\/\/api.w.org\/{rel}","templated":true}]}}