{"id":9564,"date":"2024-09-09T19:09:54","date_gmt":"2025-02-21T14:00:53","guid":{"rendered":"https:\/\/goromenstore.com\/camissa-viscosa-per-dormir-fanc\/"},"modified":"2025-02-21T15:00:53","modified_gmt":"2025-02-21T14:00:53","slug":"camissa-viscosa-per-dormir-fanc","status":"publish","type":"product","link":"https:\/\/goromenstore.com\/ca\/producte\/camissa-viscosa-per-dormir-fanc\/","title":{"rendered":"CAMISSA VISCOSA PER DORMIR FANC"},"content":{"rendered":"<p>Aquesta camisa de m\u00e0niga llarga per a home de la gamma Casuals garanteix un benestar absolut gr\u00e0cies al seu tacte agradable, la seva elegant caiguda fluida i les m\u00faltiples possibilitats de combinaci\u00f3. El jersei, fabricat a \u00c0ustria, est\u00e0 fet de viscosa el\u00e0stica que \u00e9s agradable al tacte. Es poden crear total looks elegants combinant-ho amb els pantalons de la gamma i amb peces de la gamma Cozy Comfort, aix\u00ed com amb texans o xinesos.  <\/p>\n","protected":false},"excerpt":{"rendered":"<p>Camisa casual c\u00f2moda confeccionada en suau jersei senzill.<br \/>\nTapeta i coll amb botons complets<br \/>\nEquilibra la temperatura i \u00e9s f\u00e0cil de tenir cura.<br \/>\nEs pot fer servir per descansar, per anar a l&#8217;oficina o com a pijama.<\/p>\n","protected":false},"featured_media":8006,"comment_status":"open","ping_status":"closed","template":"","meta":{"_monsterinsights_skip_tracking":false,"_monsterinsights_sitenote_active":false,"_monsterinsights_sitenote_note":"","_monsterinsights_sitenote_category":0},"product_cat":[1477],"product_tag":[],"class_list":{"0":"post-9564","1":"product","2":"type-product","3":"status-publish","4":"has-post-thumbnail","6":"product_brand-hanro","7":"product_cat-pijames-home","9":"first","10":"instock","11":"shipping-taxable","12":"purchasable","13":"product-type-variable"},"aioseo_notices":[],"_links":{"self":[{"href":"https:\/\/goromenstore.com\/ca\/wp-json\/wp\/v2\/product\/9564","targetHints":{"allow":["GET"]}}],"collection":[{"href":"https:\/\/goromenstore.com\/ca\/wp-json\/wp\/v2\/product"}],"about":[{"href":"https:\/\/goromenstore.com\/ca\/wp-json\/wp\/v2\/types\/product"}],"replies":[{"embeddable":true,"href":"https:\/\/goromenstore.com\/ca\/wp-json\/wp\/v2\/comments?post=9564"}],"wp:featuredmedia":[{"embeddable":true,"href":"https:\/\/goromenstore.com\/ca\/wp-json\/wp\/v2\/media\/8006"}],"wp:attachment":[{"href":"https:\/\/goromenstore.com\/ca\/wp-json\/wp\/v2\/media?parent=9564"}],"wp:term":[{"taxonomy":"product_cat","embeddable":true,"href":"https:\/\/goromenstore.com\/ca\/wp-json\/wp\/v2\/product_cat?post=9564"},{"taxonomy":"product_tag","embeddable":true,"href":"https:\/\/goromenstore.com\/ca\/wp-json\/wp\/v2\/product_tag?post=9564"}],"curies":[{"name":"wp","href":"https:\/\/api.w.org\/{rel}","templated":true}]}}