{"id":9556,"date":"2024-09-09T12:35:41","date_gmt":"2024-09-09T10:35:41","guid":{"rendered":"https:\/\/goromenstore.com\/pijama-derek-rose-london-2\/"},"modified":"2025-02-21T14:57:51","modified_gmt":"2025-02-21T13:57:51","slug":"pijama-derek-rose-london-2","status":"publish","type":"product","link":"https:\/\/goromenstore.com\/ca\/producte\/pijama-derek-rose-london-2\/","title":{"rendered":"PIJAMA DEREK ROSE LONDON"},"content":{"rendered":"<p>Dissenyats per al teu temps lliure amb un ajustament relaxat, s\u00f3n perfectes per descansar de dia i de nit. Jaqueta amb tres butxaques, coll cl\u00e0ssic i cintura ajustable amb dos botons. Els laterals el\u00e0stics dels pantalons fan que la part davantera i del darrere siguin planes per a m\u00e9s comoditat. El pijama Plaza est\u00e0 confeccionat amb el nostre teixit de batista de cot\u00f3 pur lleuger i transpirable amb un acabat amb motiu de lunars blancs i blau mar\u00ed estampats. S\u00f3n ideals pels mesos m\u00e9s c\u00e0lids (o per a llars amb calefacci\u00f3 central durant tot l&#8217;any).<\/p>\n","protected":false},"excerpt":{"rendered":"<p>Composici\u00f3: 100% cot\u00f3<br \/>\nAdaptar: Ajust relaxat<\/p>\n","protected":false},"featured_media":7941,"comment_status":"open","ping_status":"closed","template":"","meta":{"_monsterinsights_skip_tracking":false,"_monsterinsights_sitenote_active":false,"_monsterinsights_sitenote_note":"","_monsterinsights_sitenote_category":0},"product_cat":[1477],"product_tag":[1955,1958],"class_list":{"0":"post-9556","1":"product","2":"type-product","3":"status-publish","4":"has-post-thumbnail","6":"product_brand-derek-rose","7":"product_cat-pijames-home","8":"product_tag-luxe-ca","9":"product_tag-pijama-camisero-ca","11":"first","12":"instock","13":"shipping-taxable","14":"purchasable","15":"product-type-variable"},"aioseo_notices":[],"_links":{"self":[{"href":"https:\/\/goromenstore.com\/ca\/wp-json\/wp\/v2\/product\/9556","targetHints":{"allow":["GET"]}}],"collection":[{"href":"https:\/\/goromenstore.com\/ca\/wp-json\/wp\/v2\/product"}],"about":[{"href":"https:\/\/goromenstore.com\/ca\/wp-json\/wp\/v2\/types\/product"}],"replies":[{"embeddable":true,"href":"https:\/\/goromenstore.com\/ca\/wp-json\/wp\/v2\/comments?post=9556"}],"wp:featuredmedia":[{"embeddable":true,"href":"https:\/\/goromenstore.com\/ca\/wp-json\/wp\/v2\/media\/7941"}],"wp:attachment":[{"href":"https:\/\/goromenstore.com\/ca\/wp-json\/wp\/v2\/media?parent=9556"}],"wp:term":[{"taxonomy":"product_cat","embeddable":true,"href":"https:\/\/goromenstore.com\/ca\/wp-json\/wp\/v2\/product_cat?post=9556"},{"taxonomy":"product_tag","embeddable":true,"href":"https:\/\/goromenstore.com\/ca\/wp-json\/wp\/v2\/product_tag?post=9556"}],"curies":[{"name":"wp","href":"https:\/\/api.w.org\/{rel}","templated":true}]}}