{"id":9546,"date":"2024-03-11T12:50:07","date_gmt":"2025-02-21T13:52:04","guid":{"rendered":"https:\/\/goromenstore.com\/samarreta-maniga-curta-fanro-2\/"},"modified":"2025-02-21T14:52:04","modified_gmt":"2025-02-21T13:52:04","slug":"samarreta-maniga-curta-fanro-2","status":"publish","type":"product","link":"https:\/\/goromenstore.com\/ca\/producte\/samarreta-maniga-curta-fanro-2\/","title":{"rendered":"SAMARRETA M\u00c0NIGA CURTA FANRO"},"content":{"rendered":"<p>Living \u00e9s una col\u00b7lecci\u00f3 d&#8217;articles imprescindibles de moda. Un grup d&#8217;estils vers\u00e0tils i informals perfectes per relaxar-se, treballar des de casa, viatjar o estar actiu. Una infinitat d&#8217;opcions que s\u00f3n perfectes per barrejar i combinar i fins i tot superposar. La camisa de m\u00e0niga curta amb coll de V est\u00e0 confeccionada en punt senzill de cot\u00f3 opac amb un tacte suau que la fa f\u00e0cil de combinar amb qualsevol conjunt.   <\/p>\n","protected":false},"excerpt":{"rendered":"<p>Living \u00e9s una col\u00b7lecci\u00f3 d&#8217;articles imprescindibles de moda. Un grup d&#8217;estils vers\u00e0tils i informals perfectes per relaxar-se, treballar des de casa, viatjar o estar actiu. Una infinitat d&#8217;opcions que s\u00f3n perfectes per barrejar i combinar i fins i tot superposar. La camisa de m\u00e0niga curta amb coll de V est\u00e0 confeccionada en punt senzill de [&hellip;]<\/p>\n","protected":false},"featured_media":7320,"comment_status":"open","ping_status":"closed","template":"","meta":{"_monsterinsights_skip_tracking":false,"_monsterinsights_sitenote_active":false,"_monsterinsights_sitenote_note":"","_monsterinsights_sitenote_category":0},"product_cat":[1477,1470,1483],"product_tag":[],"class_list":{"0":"post-9546","1":"product","2":"type-product","3":"status-publish","4":"has-post-thumbnail","6":"product_brand-hanro","7":"product_cat-pijames-home","8":"product_cat-roba-casual","9":"product_cat-samarretes-home","11":"first","12":"instock","13":"shipping-taxable","14":"purchasable","15":"product-type-variable"},"aioseo_notices":[],"_links":{"self":[{"href":"https:\/\/goromenstore.com\/ca\/wp-json\/wp\/v2\/product\/9546","targetHints":{"allow":["GET"]}}],"collection":[{"href":"https:\/\/goromenstore.com\/ca\/wp-json\/wp\/v2\/product"}],"about":[{"href":"https:\/\/goromenstore.com\/ca\/wp-json\/wp\/v2\/types\/product"}],"replies":[{"embeddable":true,"href":"https:\/\/goromenstore.com\/ca\/wp-json\/wp\/v2\/comments?post=9546"}],"wp:featuredmedia":[{"embeddable":true,"href":"https:\/\/goromenstore.com\/ca\/wp-json\/wp\/v2\/media\/7320"}],"wp:attachment":[{"href":"https:\/\/goromenstore.com\/ca\/wp-json\/wp\/v2\/media?parent=9546"}],"wp:term":[{"taxonomy":"product_cat","embeddable":true,"href":"https:\/\/goromenstore.com\/ca\/wp-json\/wp\/v2\/product_cat?post=9546"},{"taxonomy":"product_tag","embeddable":true,"href":"https:\/\/goromenstore.com\/ca\/wp-json\/wp\/v2\/product_tag?post=9546"}],"curies":[{"name":"wp","href":"https:\/\/api.w.org\/{rel}","templated":true}]}}