{"id":9534,"date":"2024-03-11T13:12:08","date_gmt":"2025-02-21T13:51:58","guid":{"rendered":"https:\/\/goromenstore.com\/pijama-curt-fanc-2\/"},"modified":"2025-02-21T14:51:58","modified_gmt":"2025-02-21T13:51:58","slug":"pijama-curt-fanc-2","status":"publish","type":"product","link":"https:\/\/goromenstore.com\/ca\/producte\/pijama-curt-fanc-2\/","title":{"rendered":"PIJAMA CURT FANC"},"content":{"rendered":"<p>Prou vers\u00e0til per utilitzar-lo com a roba d&#8217;estar per casa o per dormir, el pijama curt Night &amp; Day d&#8217;estil cl\u00e0ssic \u00e9s una bona opci\u00f3 per dormir o descansar. Confeccionat amb 100% cot\u00f3 entrella\u00e7at, aquest pijama per a home \u00e9s un complement divertit amb els seus pantalons estampats.<\/p>\n","protected":false},"excerpt":{"rendered":"<p>Prou vers\u00e0til per utilitzar-lo com a roba d&#8217;estar per casa o per dormir, el pijama curt Night &amp; Day d&#8217;estil cl\u00e0ssic \u00e9s una bona opci\u00f3 per dormir o descansar. Confeccionat amb 100% cot\u00f3 entrella\u00e7at, aquest pijama per a home \u00e9s un complement divertit amb els seus pantalons estampats.<\/p>\n","protected":false},"featured_media":7351,"comment_status":"open","ping_status":"closed","template":"","meta":{"_monsterinsights_skip_tracking":false,"_monsterinsights_sitenote_active":false,"_monsterinsights_sitenote_note":"","_monsterinsights_sitenote_category":0},"product_cat":[1477],"product_tag":[],"class_list":{"0":"post-9534","1":"product","2":"type-product","3":"status-publish","4":"has-post-thumbnail","6":"product_brand-hanro","7":"product_cat-pijames-home","9":"first","10":"instock","11":"shipping-taxable","12":"purchasable","13":"product-type-variable"},"aioseo_notices":[],"_links":{"self":[{"href":"https:\/\/goromenstore.com\/ca\/wp-json\/wp\/v2\/product\/9534","targetHints":{"allow":["GET"]}}],"collection":[{"href":"https:\/\/goromenstore.com\/ca\/wp-json\/wp\/v2\/product"}],"about":[{"href":"https:\/\/goromenstore.com\/ca\/wp-json\/wp\/v2\/types\/product"}],"replies":[{"embeddable":true,"href":"https:\/\/goromenstore.com\/ca\/wp-json\/wp\/v2\/comments?post=9534"}],"wp:featuredmedia":[{"embeddable":true,"href":"https:\/\/goromenstore.com\/ca\/wp-json\/wp\/v2\/media\/7351"}],"wp:attachment":[{"href":"https:\/\/goromenstore.com\/ca\/wp-json\/wp\/v2\/media?parent=9534"}],"wp:term":[{"taxonomy":"product_cat","embeddable":true,"href":"https:\/\/goromenstore.com\/ca\/wp-json\/wp\/v2\/product_cat?post=9534"},{"taxonomy":"product_tag","embeddable":true,"href":"https:\/\/goromenstore.com\/ca\/wp-json\/wp\/v2\/product_tag?post=9534"}],"curies":[{"name":"wp","href":"https:\/\/api.w.org\/{rel}","templated":true}]}}