{"id":9531,"date":"2024-03-11T17:39:04","date_gmt":"2025-02-21T13:51:58","guid":{"rendered":"https:\/\/goromenstore.com\/camisa-pur-lli-derek-rose-london-3\/"},"modified":"2025-02-21T14:51:58","modified_gmt":"2025-02-21T13:51:58","slug":"camisa-pur-lli-derek-rose-london-3","status":"publish","type":"product","link":"https:\/\/goromenstore.com\/ca\/producte\/camisa-pur-lli-derek-rose-london-3\/","title":{"rendered":"CAMISA PUR LLI DEREK ROSE &#8211; LONDON"},"content":{"rendered":"<p>La camisa Monaco presenta un canes\u00fa del darrere corbat amb plecs per a m\u00e9s comoditat i una vora corbada amb obertures laterals per facilitar el moviment. Hem utilitzat l&#8217;estil cl\u00e0ssic de front i punys amb botons, un coll de 2 peces i, per donar-li un toc modern, hem afegit una butxaca al pit en forma d&#8217;U amb un pr\u00e0ctic lla\u00e7 per a ulleres de sol per a un estil elegant i estiuenc sense esfor\u00e7. Per donar-li un toc final de luxe, la camisa est\u00e0 rematada amb botons de nacre i la nostra etiqueta minimalista amb el logotip d&#8217;una rosa a la vora. Tamb\u00e9 hi ha un pr\u00e0ctic lla\u00e7 tipus &#8220;caseller&#8221; a la part posterior perqu\u00e8 puguis penjar la camisa quan et canvi\u00efs. Hem desenvolupat un lli pur lleuger, meravellosament suau i transpirable que et mantindr\u00e0 fresc i c\u00f2mode fins i tot en les condicions m\u00e9s caloroses. Aquesta tela italiana es tenyeix a l&#8217;etapa del fil per aconseguir un eventual efecte melange de dos tons quan els fils es combinen. <\/p>\n","protected":false},"excerpt":{"rendered":"<p>La camisa Monaco presenta un canes\u00fa del darrere corbat amb plecs per a m\u00e9s comoditat i una vora corbada amb obertures laterals per facilitar el moviment. Hem utilitzat l&#8217;estil cl\u00e0ssic de front i punys amb botons, un coll de 2 peces i, per donar-li un toc modern, hem afegit una butxaca al pit en forma [&hellip;]<\/p>\n","protected":false},"featured_media":7412,"comment_status":"open","ping_status":"closed","template":"","meta":{"_monsterinsights_skip_tracking":false,"_monsterinsights_sitenote_active":false,"_monsterinsights_sitenote_note":"","_monsterinsights_sitenote_category":0},"product_cat":[1482,1470],"product_tag":[],"class_list":{"0":"post-9531","1":"product","2":"type-product","3":"status-publish","4":"has-post-thumbnail","6":"product_brand-derek-rose","7":"product_cat-camises-casual","8":"product_cat-roba-casual","10":"first","11":"instock","12":"shipping-taxable","13":"product-type-variable"},"aioseo_notices":[],"_links":{"self":[{"href":"https:\/\/goromenstore.com\/ca\/wp-json\/wp\/v2\/product\/9531","targetHints":{"allow":["GET"]}}],"collection":[{"href":"https:\/\/goromenstore.com\/ca\/wp-json\/wp\/v2\/product"}],"about":[{"href":"https:\/\/goromenstore.com\/ca\/wp-json\/wp\/v2\/types\/product"}],"replies":[{"embeddable":true,"href":"https:\/\/goromenstore.com\/ca\/wp-json\/wp\/v2\/comments?post=9531"}],"wp:featuredmedia":[{"embeddable":true,"href":"https:\/\/goromenstore.com\/ca\/wp-json\/wp\/v2\/media\/7412"}],"wp:attachment":[{"href":"https:\/\/goromenstore.com\/ca\/wp-json\/wp\/v2\/media?parent=9531"}],"wp:term":[{"taxonomy":"product_cat","embeddable":true,"href":"https:\/\/goromenstore.com\/ca\/wp-json\/wp\/v2\/product_cat?post=9531"},{"taxonomy":"product_tag","embeddable":true,"href":"https:\/\/goromenstore.com\/ca\/wp-json\/wp\/v2\/product_tag?post=9531"}],"curies":[{"name":"wp","href":"https:\/\/api.w.org\/{rel}","templated":true}]}}