{"id":9519,"date":"2024-03-11T13:39:12","date_gmt":"2025-02-21T13:51:57","guid":{"rendered":"https:\/\/goromenstore.com\/bata-ris-fins-fanc\/"},"modified":"2025-02-21T14:51:57","modified_gmt":"2025-02-21T13:51:57","slug":"bata-ris-fins-fanc","status":"publish","type":"product","link":"https:\/\/goromenstore.com\/ca\/producte\/bata-ris-fins-fanc\/","title":{"rendered":"BATA R\u00cdS FINS FANC"},"content":{"rendered":"<p>Aquesta bata FANRO de la l\u00ednia Night &amp; Day brinda un toc de luxe a la teva pell. Est\u00e0 confeccionat en teixit de ris fi i \u00e9s un element destacat de la col\u00b7lecci\u00f3. Ja sigui a casa relaxant-se, de viatge o en festes al jard\u00ed, el barn\u00fas completa h\u00e0bilment un aspecte modern. Belles combinacions inclouen, per exemple, Fancy Woven i Micro Touch.   <\/p>\n","protected":false},"excerpt":{"rendered":"<p>Aquesta bata FANRO de la l\u00ednia Night &amp; Day brinda un toc de luxe a la teva pell. Est\u00e0 confeccionat en teixit de ris fi i \u00e9s un element destacat de la col\u00b7lecci\u00f3. Ja sigui a casa relaxant-se, de viatge o en festes al jard\u00ed, el barn\u00fas completa h\u00e0bilment un aspecte modern. Belles combinacions inclouen, [&hellip;]<\/p>\n","protected":false},"featured_media":7378,"comment_status":"open","ping_status":"closed","template":"","meta":{"_monsterinsights_skip_tracking":false,"_monsterinsights_sitenote_active":false,"_monsterinsights_sitenote_note":"","_monsterinsights_sitenote_category":0},"product_cat":[1476,1403],"product_tag":[],"class_list":{"0":"post-9519","1":"product","2":"type-product","3":"status-publish","4":"has-post-thumbnail","6":"product_brand-hanro","7":"product_cat-bates-home","8":"product_cat-homewear-home","10":"first","11":"instock","12":"shipping-taxable","13":"purchasable","14":"product-type-variable"},"aioseo_notices":[],"_links":{"self":[{"href":"https:\/\/goromenstore.com\/ca\/wp-json\/wp\/v2\/product\/9519","targetHints":{"allow":["GET"]}}],"collection":[{"href":"https:\/\/goromenstore.com\/ca\/wp-json\/wp\/v2\/product"}],"about":[{"href":"https:\/\/goromenstore.com\/ca\/wp-json\/wp\/v2\/types\/product"}],"replies":[{"embeddable":true,"href":"https:\/\/goromenstore.com\/ca\/wp-json\/wp\/v2\/comments?post=9519"}],"wp:featuredmedia":[{"embeddable":true,"href":"https:\/\/goromenstore.com\/ca\/wp-json\/wp\/v2\/media\/7378"}],"wp:attachment":[{"href":"https:\/\/goromenstore.com\/ca\/wp-json\/wp\/v2\/media?parent=9519"}],"wp:term":[{"taxonomy":"product_cat","embeddable":true,"href":"https:\/\/goromenstore.com\/ca\/wp-json\/wp\/v2\/product_cat?post=9519"},{"taxonomy":"product_tag","embeddable":true,"href":"https:\/\/goromenstore.com\/ca\/wp-json\/wp\/v2\/product_tag?post=9519"}],"curies":[{"name":"wp","href":"https:\/\/api.w.org\/{rel}","templated":true}]}}