{"id":9513,"date":"2024-03-11T13:48:53","date_gmt":"2025-02-21T13:51:57","guid":{"rendered":"https:\/\/goromenstore.com\/pijama-amb-botons-curt-fanc\/"},"modified":"2025-02-21T14:51:57","modified_gmt":"2025-02-21T13:51:57","slug":"pijama-amb-botons-curt-fanc","status":"publish","type":"product","link":"https:\/\/goromenstore.com\/ca\/producte\/pijama-amb-botons-curt-fanc\/","title":{"rendered":"PIJAMA AMB BOTONS CURT FANC"},"content":{"rendered":"<p>Prou vers\u00e0til per utilitzar-lo com a roba d&#8217;estar per casa o per dormir, el pijama curt de m\u00e0niga curta d&#8217;estil cl\u00e0ssic Night &amp; Day 100% cot\u00f3 entrella\u00e7at \u00e9s una bona opci\u00f3 per dormir o descansar. La part superior est\u00e0 dissenyada amb un detall de rivet s\u00f2lid de contrast que li d\u00f3na un disseny cl\u00e0ssic i discret per dormir o descansar. <\/p>\n","protected":false},"excerpt":{"rendered":"<p>Prou vers\u00e0til per utilitzar-lo com a roba d&#8217;estar per casa o per dormir, el pijama curt de m\u00e0niga curta d&#8217;estil cl\u00e0ssic Night &amp; Day 100% cot\u00f3 entrella\u00e7at \u00e9s una bona opci\u00f3 per dormir o descansar. La part superior est\u00e0 dissenyada amb un detall de rivet s\u00f2lid de contrast que li d\u00f3na un disseny cl\u00e0ssic i [&hellip;]<\/p>\n","protected":false},"featured_media":7389,"comment_status":"open","ping_status":"closed","template":"","meta":{"_monsterinsights_skip_tracking":false,"_monsterinsights_sitenote_active":false,"_monsterinsights_sitenote_note":"","_monsterinsights_sitenote_category":0},"product_cat":[1477],"product_tag":[],"class_list":{"0":"post-9513","1":"product","2":"type-product","3":"status-publish","4":"has-post-thumbnail","6":"product_brand-hanro","7":"product_cat-pijames-home","9":"first","10":"instock","11":"shipping-taxable","12":"purchasable","13":"product-type-variable"},"aioseo_notices":[],"_links":{"self":[{"href":"https:\/\/goromenstore.com\/ca\/wp-json\/wp\/v2\/product\/9513","targetHints":{"allow":["GET"]}}],"collection":[{"href":"https:\/\/goromenstore.com\/ca\/wp-json\/wp\/v2\/product"}],"about":[{"href":"https:\/\/goromenstore.com\/ca\/wp-json\/wp\/v2\/types\/product"}],"replies":[{"embeddable":true,"href":"https:\/\/goromenstore.com\/ca\/wp-json\/wp\/v2\/comments?post=9513"}],"wp:featuredmedia":[{"embeddable":true,"href":"https:\/\/goromenstore.com\/ca\/wp-json\/wp\/v2\/media\/7389"}],"wp:attachment":[{"href":"https:\/\/goromenstore.com\/ca\/wp-json\/wp\/v2\/media?parent=9513"}],"wp:term":[{"taxonomy":"product_cat","embeddable":true,"href":"https:\/\/goromenstore.com\/ca\/wp-json\/wp\/v2\/product_cat?post=9513"},{"taxonomy":"product_tag","embeddable":true,"href":"https:\/\/goromenstore.com\/ca\/wp-json\/wp\/v2\/product_tag?post=9513"}],"curies":[{"name":"wp","href":"https:\/\/api.w.org\/{rel}","templated":true}]}}