{"id":9506,"date":"2024-03-11T19:35:46","date_gmt":"2025-02-21T13:51:56","guid":{"rendered":"https:\/\/goromenstore.com\/samarreta-pur-lli-derek-rose-london\/"},"modified":"2025-02-21T14:51:56","modified_gmt":"2025-02-21T13:51:56","slug":"samarreta-pur-lli-derek-rose-london","status":"publish","type":"product","link":"https:\/\/goromenstore.com\/ca\/producte\/samarreta-pur-lli-derek-rose-london\/","title":{"rendered":"SAMARRETA PUR LLI DEREK ROSE &#8211; LONDON"},"content":{"rendered":"<p>La nostra samarreta Jordan cal tocar-la per creure-la. Jordan \u00e9s una samarreta de lli pur excepcionalment suau; Aquesta no sassembla a cap altra camisa de lli que tinguis. Un teixit que t\u00edpicament t\u00e9 aquesta sensaci\u00f3 aspra, el nostre Jordan est\u00e0 confeccionat amb un lli pur s\u00faper suau i lleuger, teixit amb un fil molt fi i acabat amb un rentat suau. Tot aix\u00f2 crea la suavitat sobrenatural. Dissenyat per formar part de la nostra col\u00b7lecci\u00f3 resort, el Jordan \u00e9s un element essencial per a les vacances i el clima c\u00e0lid. El lli \u00e9s una fibra natural que prov\u00e9 de la planta del lli i presenta caracter\u00edstiques perfectes per a climes m\u00e9s c\u00e0lids. El lli pot absorbir fins a un 20% del seu pes en humitat, cosa que fa que absorbeixi la suor del cos. El lli tamb\u00e9 s&#8217;asseca r\u00e0pidament; Les fibres alliberen humitat a l&#8217;aire molt r\u00e0pidament i s&#8217;assequen gaireb\u00e9 instant\u00e0niament perqu\u00e8 la fibra en si no pot retenir l&#8217;aire ni la calor.   <\/p>\n","protected":false},"excerpt":{"rendered":"<p>La nostra samarreta Jordan cal tocar-la per creure-la. Jordan \u00e9s una samarreta de lli pur excepcionalment suau; Aquesta no sassembla a cap altra camisa de lli que tinguis. Un teixit que t\u00edpicament t\u00e9 aquesta sensaci\u00f3 aspra, el nostre Jordan est\u00e0 confeccionat amb un lli pur s\u00faper suau i lleuger, teixit amb un fil molt fi [&hellip;]<\/p>\n","protected":false},"featured_media":7459,"comment_status":"open","ping_status":"closed","template":"","meta":{"_monsterinsights_skip_tracking":false,"_monsterinsights_sitenote_active":false,"_monsterinsights_sitenote_note":"","_monsterinsights_sitenote_category":0},"product_cat":[1482,1470],"product_tag":[],"class_list":{"0":"post-9506","1":"product","2":"type-product","3":"status-publish","4":"has-post-thumbnail","6":"product_brand-derek-rose","7":"product_cat-camises-casual","8":"product_cat-roba-casual","10":"first","11":"instock","12":"shipping-taxable","13":"purchasable","14":"product-type-variable"},"aioseo_notices":[],"_links":{"self":[{"href":"https:\/\/goromenstore.com\/ca\/wp-json\/wp\/v2\/product\/9506","targetHints":{"allow":["GET"]}}],"collection":[{"href":"https:\/\/goromenstore.com\/ca\/wp-json\/wp\/v2\/product"}],"about":[{"href":"https:\/\/goromenstore.com\/ca\/wp-json\/wp\/v2\/types\/product"}],"replies":[{"embeddable":true,"href":"https:\/\/goromenstore.com\/ca\/wp-json\/wp\/v2\/comments?post=9506"}],"wp:featuredmedia":[{"embeddable":true,"href":"https:\/\/goromenstore.com\/ca\/wp-json\/wp\/v2\/media\/7459"}],"wp:attachment":[{"href":"https:\/\/goromenstore.com\/ca\/wp-json\/wp\/v2\/media?parent=9506"}],"wp:term":[{"taxonomy":"product_cat","embeddable":true,"href":"https:\/\/goromenstore.com\/ca\/wp-json\/wp\/v2\/product_cat?post=9506"},{"taxonomy":"product_tag","embeddable":true,"href":"https:\/\/goromenstore.com\/ca\/wp-json\/wp\/v2\/product_tag?post=9506"}],"curies":[{"name":"wp","href":"https:\/\/api.w.org\/{rel}","templated":true}]}}