{"id":9497,"date":"2024-03-19T14:15:36","date_gmt":"2025-02-21T13:51:50","guid":{"rendered":"https:\/\/goromenstore.com\/pantalo-curt-de-viscosa-i-elasta-fanro\/"},"modified":"2025-02-21T14:51:50","modified_gmt":"2025-02-21T13:51:50","slug":"pantalo-curt-de-viscosa-i-elasta-fanro","status":"publish","type":"product","link":"https:\/\/goromenstore.com\/ca\/producte\/pantalo-curt-de-viscosa-i-elasta-fanro\/","title":{"rendered":"PANTAL\u00d3 CURT DE VISCOSA I ELAST\u00c0 FANRO"},"content":{"rendered":"<p>Hanro Casuals \u00e9s una col\u00b7lecci\u00f3 de peces chic imprescindibles. Un grup d&#8217;estils vers\u00e0tils perfectes per relaxar-se, treballar des de casa, viatjar o estar actiu. Una infinitat d&#8217;opcions que s\u00f3n perfectes per barrejar i combinar i fins i tot superposar. Aquests pantalons curts est\u00e0 confeccionat amb un teixit de viscosa lleuger i especialment suau. T\u00e9 una cintura el\u00e0stica amb un cord\u00f3 funcional que garanteix l&#8217;ajustament perfecte.<br \/>\n Confeccionat amb una barreja de viscosa i elast\u00e0.<br \/>\n Suau i fluid<br \/>\n Cura f\u00e0cil, extremadament c\u00f2mode.<br \/>\n Pr\u00e0ctics butxaques laterals<br \/>\n Mosca falsa<br \/>\n Cintura amb cord\u00f3 per a un ajustament personalitzat    <\/p>\n","protected":false},"excerpt":{"rendered":"<p>Hanro Casuals \u00e9s una col\u00b7lecci\u00f3 de peces chic imprescindibles. Un grup d&#8217;estils vers\u00e0tils perfectes per relaxar-se, treballar des de casa, viatjar o estar actiu. Una infinitat d&#8217;opcions que s\u00f3n perfectes per barrejar i combinar i fins i tot superposar. Aquests pantalons curts est\u00e0 confeccionat amb un teixit de viscosa lleuger i especialment suau. T\u00e9 una [&hellip;]<\/p>\n","protected":false},"featured_media":7527,"comment_status":"open","ping_status":"closed","template":"","meta":{"_monsterinsights_skip_tracking":false,"_monsterinsights_sitenote_active":false,"_monsterinsights_sitenote_note":"","_monsterinsights_sitenote_category":0},"product_cat":[1403,1479,1477],"product_tag":[],"class_list":{"0":"post-9497","1":"product","2":"type-product","3":"status-publish","4":"has-post-thumbnail","6":"product_brand-hanro","7":"product_cat-homewear-home","8":"product_cat-pantalons-homewear-home","9":"product_cat-pijames-home","11":"first","12":"instock","13":"shipping-taxable","14":"purchasable","15":"product-type-variable"},"aioseo_notices":[],"_links":{"self":[{"href":"https:\/\/goromenstore.com\/ca\/wp-json\/wp\/v2\/product\/9497","targetHints":{"allow":["GET"]}}],"collection":[{"href":"https:\/\/goromenstore.com\/ca\/wp-json\/wp\/v2\/product"}],"about":[{"href":"https:\/\/goromenstore.com\/ca\/wp-json\/wp\/v2\/types\/product"}],"replies":[{"embeddable":true,"href":"https:\/\/goromenstore.com\/ca\/wp-json\/wp\/v2\/comments?post=9497"}],"wp:featuredmedia":[{"embeddable":true,"href":"https:\/\/goromenstore.com\/ca\/wp-json\/wp\/v2\/media\/7527"}],"wp:attachment":[{"href":"https:\/\/goromenstore.com\/ca\/wp-json\/wp\/v2\/media?parent=9497"}],"wp:term":[{"taxonomy":"product_cat","embeddable":true,"href":"https:\/\/goromenstore.com\/ca\/wp-json\/wp\/v2\/product_cat?post=9497"},{"taxonomy":"product_tag","embeddable":true,"href":"https:\/\/goromenstore.com\/ca\/wp-json\/wp\/v2\/product_tag?post=9497"}],"curies":[{"name":"wp","href":"https:\/\/api.w.org\/{rel}","templated":true}]}}