{"id":9493,"date":"2024-03-12T12:09:16","date_gmt":"2025-02-21T13:51:50","guid":{"rendered":"https:\/\/goromenstore.com\/banyador-derek-rose-london\/"},"modified":"2025-02-21T14:51:50","modified_gmt":"2025-02-21T13:51:50","slug":"banyador-derek-rose-london","status":"publish","type":"product","link":"https:\/\/goromenstore.com\/ca\/producte\/banyador-derek-rose-london\/","title":{"rendered":"BANYADOR DEREK ROSE &#8211; LONDON"},"content":{"rendered":"<p>Dissenyat per a una aparen\u00e7a relaxada, el nostre banyador d&#8217;estil cl\u00e0ssic amb estampat de cavall salvatge multicolor dibuixat a m\u00e0 t\u00e9 una cintura totalment el\u00e0stica i un cord\u00f3 per a un ajustament perfecte. Els extrems del cord\u00f3 trenat es complementen amb ferrets met\u00e0l\u00b7lics per a un acabat lux\u00f3s i la part posterior del banyador presenta traus met\u00e0l\u00b7lics a joc per facilitar el drenatge de l&#8217;aire i l&#8217;aigua.<\/p>\n<p>A difer\u00e8ncia de la majoria dels vestits de bany per a homes, el nostre folre interior de malla no t\u00e9 costures per a un ajustament m\u00e9s c\u00f2mode i la nostra butxaca del darrere folrat de malla compta amb una cremallera amb passador que es bloqueja al seu lloc quan est\u00e0 pla per mantenir els seus objectes de valor segurs quan est\u00e0 en moviment, mentre que el rivet sobre la butxaca del darrere zip crea un.<\/p>\n<p>Aquesta versi\u00f3 m\u00e9s curta del nostre banyador short est\u00e0 confeccionada amb un teixit de poli\u00e8ster d&#8217;assecat r\u00e0pid que ara t\u00e9 un acabat hidrof\u00f2bic, cosa que significa que la superf\u00edcie del teixit \u00e9s molt menys permeable, cosa que permet fer-lo servir c\u00f2modament cap ai des de l&#8217;aigua.<\/p>\n","protected":false},"excerpt":{"rendered":"<p>Dissenyat per a una aparen\u00e7a relaxada, el nostre banyador d&#8217;estil cl\u00e0ssic amb estampat de cavall salvatge multicolor dibuixat a m\u00e0 t\u00e9 una cintura totalment el\u00e0stica i un cord\u00f3 per a un ajustament perfecte. Els extrems del cord\u00f3 trenat es complementen amb ferrets met\u00e0l\u00b7lics per a un acabat lux\u00f3s i la part posterior del banyador presenta [&hellip;]<\/p>\n","protected":false},"featured_media":7486,"comment_status":"open","ping_status":"closed","template":"","meta":{"_monsterinsights_skip_tracking":false,"_monsterinsights_sitenote_active":false,"_monsterinsights_sitenote_note":"","_monsterinsights_sitenote_category":0},"product_cat":[1396,1397],"product_tag":[],"class_list":{"0":"post-9493","1":"product","2":"type-product","3":"status-publish","4":"has-post-thumbnail","6":"product_brand-derek-rose","7":"product_cat-banyadors-home","8":"product_cat-banyadors-boxer","10":"first","11":"instock","12":"shipping-taxable","13":"purchasable","14":"product-type-variable"},"aioseo_notices":[],"_links":{"self":[{"href":"https:\/\/goromenstore.com\/ca\/wp-json\/wp\/v2\/product\/9493","targetHints":{"allow":["GET"]}}],"collection":[{"href":"https:\/\/goromenstore.com\/ca\/wp-json\/wp\/v2\/product"}],"about":[{"href":"https:\/\/goromenstore.com\/ca\/wp-json\/wp\/v2\/types\/product"}],"replies":[{"embeddable":true,"href":"https:\/\/goromenstore.com\/ca\/wp-json\/wp\/v2\/comments?post=9493"}],"wp:featuredmedia":[{"embeddable":true,"href":"https:\/\/goromenstore.com\/ca\/wp-json\/wp\/v2\/media\/7486"}],"wp:attachment":[{"href":"https:\/\/goromenstore.com\/ca\/wp-json\/wp\/v2\/media?parent=9493"}],"wp:term":[{"taxonomy":"product_cat","embeddable":true,"href":"https:\/\/goromenstore.com\/ca\/wp-json\/wp\/v2\/product_cat?post=9493"},{"taxonomy":"product_tag","embeddable":true,"href":"https:\/\/goromenstore.com\/ca\/wp-json\/wp\/v2\/product_tag?post=9493"}],"curies":[{"name":"wp","href":"https:\/\/api.w.org\/{rel}","templated":true}]}}