{"id":9485,"date":"2024-03-14T11:48:58","date_gmt":"2025-02-21T13:51:49","guid":{"rendered":"https:\/\/goromenstore.com\/samarreta-casual-derek-rose-london-2\/"},"modified":"2025-02-21T14:51:49","modified_gmt":"2025-02-21T13:51:49","slug":"samarreta-casual-derek-rose-london-2","status":"publish","type":"product","link":"https:\/\/goromenstore.com\/ca\/producte\/samarreta-casual-derek-rose-london-2\/","title":{"rendered":"SAMARRETA CASUAL DEREK ROSE &#8211; LONDON"},"content":{"rendered":"<p>La nostra samarreta Ryder de coll rod\u00f3 a ratlles bretones en blau mar\u00ed i blanc est\u00e0 confeccionada amb 100% cot\u00f3 Pima de calibre fi per ser una pe\u00e7a essencial de luxe. Aquest teixit s\u00faper suau \u00e9s lleuger i transpirable, cosa que el fa perfecte per gaudir del sol amb comoditat. El cot\u00f3 Pima incre\u00efblement suau utilitzat \u00e9s superior al cot\u00f3 est\u00e0ndard gr\u00e0cies a les fibres extrallargues que produeixen un tacte m\u00e9s refinat i sed\u00f3s. Aquestes propietats \u00faniques tamb\u00e9 garanteixen que la tela no es tor\u00e7a ni es formi boletes i que el color duri, rentat despr\u00e9s de rentat. El disseny de coll rod\u00f3 i m\u00e0niga curta t\u00e9 una banda suau amb costures estretes per a un acabat refinat i c\u00f2mode i, com sempre, la nostra marca es mant\u00e9 subtil, amb una etiqueta minimalista enganxada a la vora i un logotip impr\u00e8s per evitar irritants etiquetes al coll <\/p>\n","protected":false},"excerpt":{"rendered":"<p>La nostra samarreta Ryder de coll rod\u00f3 a ratlles bretones en blau mar\u00ed i blanc est\u00e0 confeccionada amb 100% cot\u00f3 Pima de calibre fi per ser una pe\u00e7a essencial de luxe. Aquest teixit s\u00faper suau \u00e9s lleuger i transpirable, cosa que el fa perfecte per gaudir del sol amb comoditat. El cot\u00f3 Pima incre\u00efblement suau [&hellip;]<\/p>\n","protected":false},"featured_media":7498,"comment_status":"open","ping_status":"closed","template":"","meta":{"_monsterinsights_skip_tracking":false,"_monsterinsights_sitenote_active":false,"_monsterinsights_sitenote_note":"","_monsterinsights_sitenote_category":0},"product_cat":[1482,1470],"product_tag":[],"class_list":{"0":"post-9485","1":"product","2":"type-product","3":"status-publish","4":"has-post-thumbnail","6":"product_brand-derek-rose","7":"product_cat-camises-casual","8":"product_cat-roba-casual","10":"first","11":"instock","12":"shipping-taxable","13":"purchasable","14":"product-type-variable"},"aioseo_notices":[],"_links":{"self":[{"href":"https:\/\/goromenstore.com\/ca\/wp-json\/wp\/v2\/product\/9485","targetHints":{"allow":["GET"]}}],"collection":[{"href":"https:\/\/goromenstore.com\/ca\/wp-json\/wp\/v2\/product"}],"about":[{"href":"https:\/\/goromenstore.com\/ca\/wp-json\/wp\/v2\/types\/product"}],"replies":[{"embeddable":true,"href":"https:\/\/goromenstore.com\/ca\/wp-json\/wp\/v2\/comments?post=9485"}],"wp:featuredmedia":[{"embeddable":true,"href":"https:\/\/goromenstore.com\/ca\/wp-json\/wp\/v2\/media\/7498"}],"wp:attachment":[{"href":"https:\/\/goromenstore.com\/ca\/wp-json\/wp\/v2\/media?parent=9485"}],"wp:term":[{"taxonomy":"product_cat","embeddable":true,"href":"https:\/\/goromenstore.com\/ca\/wp-json\/wp\/v2\/product_cat?post=9485"},{"taxonomy":"product_tag","embeddable":true,"href":"https:\/\/goromenstore.com\/ca\/wp-json\/wp\/v2\/product_tag?post=9485"}],"curies":[{"name":"wp","href":"https:\/\/api.w.org\/{rel}","templated":true}]}}