{"id":9472,"date":"2024-04-16T11:55:57","date_gmt":"2025-02-21T13:51:48","guid":{"rendered":"https:\/\/goromenstore.com\/pantalo-curt-pijama-hanro\/"},"modified":"2025-02-21T14:51:48","modified_gmt":"2025-02-21T13:51:48","slug":"pantalo-curt-pijama-hanro","status":"publish","type":"product","link":"https:\/\/goromenstore.com\/ca\/producte\/pantalo-curt-pijama-hanro\/","title":{"rendered":"PANTAL\u00d3 CURT PIJAMA HANRO"},"content":{"rendered":"<p>Prou vers\u00e0til per utilitzar-lo com a roba d&#8217;estar per casa o per dormir, els pantalons curts de punt Night &amp; Day d&#8217;estil cl\u00e0ssic \u00e9s una bona opci\u00f3 per dormir o descansar. Confeccionats en 100% cot\u00f3, aquests pantalons curts per a home compten amb pr\u00e0ctics butxaques laterals i una cintura el\u00e0stica coberta amb cord\u00f3.<br \/>\n Cl\u00e0ssic 100% cot\u00f3<br \/>\n La cintura el\u00e0stica coberta amb cord\u00f3 proporciona un ajustament personalitzat<br \/>\n Butxaques laterals <\/p>\n","protected":false},"excerpt":{"rendered":"<p>Prou vers\u00e0til per utilitzar-lo com a roba d&#8217;estar per casa o per dormir, els pantalons curts de punt Night &amp; Day d&#8217;estil cl\u00e0ssic \u00e9s una bona opci\u00f3 per dormir o descansar. Confeccionats en 100% cot\u00f3, aquests pantalons curts per a home compten amb pr\u00e0ctics butxaques laterals i una cintura el\u00e0stica coberta amb cord\u00f3. Cl\u00e0ssic 100% [&hellip;]<\/p>\n","protected":false},"featured_media":7614,"comment_status":"open","ping_status":"closed","template":"","meta":{"_monsterinsights_skip_tracking":false,"_monsterinsights_sitenote_active":false,"_monsterinsights_sitenote_note":"","_monsterinsights_sitenote_category":0},"product_cat":[1477],"product_tag":[],"class_list":{"0":"post-9472","1":"product","2":"type-product","3":"status-publish","4":"has-post-thumbnail","6":"product_brand-hanro","7":"product_cat-pijames-home","9":"first","10":"instock","11":"shipping-taxable","12":"purchasable","13":"product-type-variable"},"aioseo_notices":[],"_links":{"self":[{"href":"https:\/\/goromenstore.com\/ca\/wp-json\/wp\/v2\/product\/9472","targetHints":{"allow":["GET"]}}],"collection":[{"href":"https:\/\/goromenstore.com\/ca\/wp-json\/wp\/v2\/product"}],"about":[{"href":"https:\/\/goromenstore.com\/ca\/wp-json\/wp\/v2\/types\/product"}],"replies":[{"embeddable":true,"href":"https:\/\/goromenstore.com\/ca\/wp-json\/wp\/v2\/comments?post=9472"}],"wp:featuredmedia":[{"embeddable":true,"href":"https:\/\/goromenstore.com\/ca\/wp-json\/wp\/v2\/media\/7614"}],"wp:attachment":[{"href":"https:\/\/goromenstore.com\/ca\/wp-json\/wp\/v2\/media?parent=9472"}],"wp:term":[{"taxonomy":"product_cat","embeddable":true,"href":"https:\/\/goromenstore.com\/ca\/wp-json\/wp\/v2\/product_cat?post=9472"},{"taxonomy":"product_tag","embeddable":true,"href":"https:\/\/goromenstore.com\/ca\/wp-json\/wp\/v2\/product_tag?post=9472"}],"curies":[{"name":"wp","href":"https:\/\/api.w.org\/{rel}","templated":true}]}}