{"id":9468,"date":"2024-03-19T13:25:46","date_gmt":"2025-02-21T13:51:47","guid":{"rendered":"https:\/\/goromenstore.com\/samarreta-viscosa-i-elasta-fanro\/"},"modified":"2025-02-21T14:51:47","modified_gmt":"2025-02-21T13:51:47","slug":"samarreta-viscosa-i-elasta-fanro","status":"publish","type":"product","link":"https:\/\/goromenstore.com\/ca\/producte\/samarreta-viscosa-i-elasta-fanro\/","title":{"rendered":"SAMARRETA VISCOSA I ELAST\u00c0 FANRO"},"content":{"rendered":"<p>Hanro Casuals \u00e9s una col\u00b7lecci\u00f3 de peces chic imprescindibles. Un grup d&#8217;estils vers\u00e0tils perfectes per relaxar-se, treballar des de casa, viatjar o estar actiu. Una infinitat d&#8217;opcions que s\u00f3n perfectes per barrejar i combinar i fins i tot superposar. La camisa de m\u00e0niga curta \u00e9s boja.<br \/>\n Confeccionat amb una barreja de viscosa i elast\u00e0.<br \/>\n Suau i fluid<br \/>\n Cura f\u00e0cil, extremadament c\u00f2mode.<br \/>\n Escot de canal\u00e9 suau   <\/p>\n","protected":false},"excerpt":{"rendered":"<p>Hanro Casuals \u00e9s una col\u00b7lecci\u00f3 de peces chic imprescindibles. Un grup d&#8217;estils vers\u00e0tils perfectes per relaxar-se, treballar des de casa, viatjar o estar actiu. Una infinitat d&#8217;opcions que s\u00f3n perfectes per barrejar i combinar i fins i tot superposar. La camisa de m\u00e0niga curta \u00e9s boja. Confeccionat amb una barreja de viscosa i elast\u00e0. Suau [&hellip;]<\/p>\n","protected":false},"featured_media":7521,"comment_status":"open","ping_status":"closed","template":"","meta":{"_monsterinsights_skip_tracking":false,"_monsterinsights_sitenote_active":false,"_monsterinsights_sitenote_note":"","_monsterinsights_sitenote_category":0},"product_cat":[1403,1477,1483,1462],"product_tag":[],"class_list":{"0":"post-9468","1":"product","2":"type-product","3":"status-publish","4":"has-post-thumbnail","6":"product_brand-hanro","7":"product_cat-homewear-home","8":"product_cat-pijames-home","9":"product_cat-samarretes-home","10":"product_cat-xandall","12":"first","13":"instock","14":"shipping-taxable","15":"purchasable","16":"product-type-variable"},"aioseo_notices":[],"_links":{"self":[{"href":"https:\/\/goromenstore.com\/ca\/wp-json\/wp\/v2\/product\/9468","targetHints":{"allow":["GET"]}}],"collection":[{"href":"https:\/\/goromenstore.com\/ca\/wp-json\/wp\/v2\/product"}],"about":[{"href":"https:\/\/goromenstore.com\/ca\/wp-json\/wp\/v2\/types\/product"}],"replies":[{"embeddable":true,"href":"https:\/\/goromenstore.com\/ca\/wp-json\/wp\/v2\/comments?post=9468"}],"wp:featuredmedia":[{"embeddable":true,"href":"https:\/\/goromenstore.com\/ca\/wp-json\/wp\/v2\/media\/7521"}],"wp:attachment":[{"href":"https:\/\/goromenstore.com\/ca\/wp-json\/wp\/v2\/media?parent=9468"}],"wp:term":[{"taxonomy":"product_cat","embeddable":true,"href":"https:\/\/goromenstore.com\/ca\/wp-json\/wp\/v2\/product_cat?post=9468"},{"taxonomy":"product_tag","embeddable":true,"href":"https:\/\/goromenstore.com\/ca\/wp-json\/wp\/v2\/product_tag?post=9468"}],"curies":[{"name":"wp","href":"https:\/\/api.w.org\/{rel}","templated":true}]}}