{"id":9467,"date":"2024-09-09T12:26:23","date_gmt":"2025-02-21T13:51:47","guid":{"rendered":"https:\/\/goromenstore.com\/pijama-frandela-derek-rose-london\/"},"modified":"2025-02-21T14:51:47","modified_gmt":"2025-02-21T13:51:47","slug":"pijama-frandela-derek-rose-london","status":"publish","type":"product","link":"https:\/\/goromenstore.com\/ca\/producte\/pijama-frandela-derek-rose-london\/","title":{"rendered":"PIJAMA FRANDELA DEREK ROSE LONDON"},"content":{"rendered":"<p>Els nostres pijames Arran estan dissenyats per a un ajustament relaxat i c\u00f2mode per a una pura felicitat en el seu temps lliure. Tenen una jaqueta de tres butxaques, coll cl\u00e0ssic i cintura ajustable amb dos botons. Els laterals el\u00e0stics dels pantalons fan que la part davantera i posterior siguin planes per a m\u00e9s comoditat. Si viur\u00e0s en pijama aquesta temporada, llavors Arran \u00e9s per a tu. El cot\u00f3 raspallat s\u00faper suau i lleuger per a l&#8217;hivern els converteix en l&#8217;opci\u00f3 perfecta per a l&#8217;\u00e8poca m\u00e9s freda de l&#8217;any: realment se senten tan b\u00e9 com es veuen!<\/p>\n","protected":false},"excerpt":{"rendered":"<p>Tipus de roba: Franela<br \/>\n Composici\u00f3: 100% cot\u00f3<\/p>\n","protected":false},"featured_media":7926,"comment_status":"open","ping_status":"closed","template":"","meta":{"_monsterinsights_skip_tracking":false,"_monsterinsights_sitenote_active":false,"_monsterinsights_sitenote_note":"","_monsterinsights_sitenote_category":0},"product_cat":[1477],"product_tag":[1955],"class_list":{"0":"post-9467","1":"product","2":"type-product","3":"status-publish","4":"has-post-thumbnail","6":"product_brand-derek-rose","7":"product_cat-pijames-home","8":"product_tag-luxe-ca","10":"first","11":"instock","12":"shipping-taxable","13":"purchasable","14":"product-type-variable"},"aioseo_notices":[],"_links":{"self":[{"href":"https:\/\/goromenstore.com\/ca\/wp-json\/wp\/v2\/product\/9467","targetHints":{"allow":["GET"]}}],"collection":[{"href":"https:\/\/goromenstore.com\/ca\/wp-json\/wp\/v2\/product"}],"about":[{"href":"https:\/\/goromenstore.com\/ca\/wp-json\/wp\/v2\/types\/product"}],"replies":[{"embeddable":true,"href":"https:\/\/goromenstore.com\/ca\/wp-json\/wp\/v2\/comments?post=9467"}],"wp:featuredmedia":[{"embeddable":true,"href":"https:\/\/goromenstore.com\/ca\/wp-json\/wp\/v2\/media\/7926"}],"wp:attachment":[{"href":"https:\/\/goromenstore.com\/ca\/wp-json\/wp\/v2\/media?parent=9467"}],"wp:term":[{"taxonomy":"product_cat","embeddable":true,"href":"https:\/\/goromenstore.com\/ca\/wp-json\/wp\/v2\/product_cat?post=9467"},{"taxonomy":"product_tag","embeddable":true,"href":"https:\/\/goromenstore.com\/ca\/wp-json\/wp\/v2\/product_tag?post=9467"}],"curies":[{"name":"wp","href":"https:\/\/api.w.org\/{rel}","templated":true}]}}