{"id":9463,"date":"2022-10-03T16:57:02","date_gmt":"2025-02-21T13:44:05","guid":{"rendered":"https:\/\/goromenstore.com\/pijama-hanro-hivern\/"},"modified":"2025-02-21T14:44:05","modified_gmt":"2025-02-21T13:44:05","slug":"pijama-hanro-hivern","status":"publish","type":"product","link":"https:\/\/goromenstore.com\/ca\/producte\/pijama-hanro-hivern\/","title":{"rendered":"PIJAMA HANRO HIVERN"},"content":{"rendered":"<p>NIGHT &amp; DAY promet un programa modern de barreja i combinaci\u00f3 de cot\u00f3 amb un aspecte cl\u00e0ssic i esportiu. L\u00b4\u00e0mplia gamma d\u00b4estils garanteix combinacions diverses i individuals dins de la s\u00e8rie i amb altres s\u00e8ries de la col\u00b7lecci\u00f3 actual. <\/p>\n","protected":false},"excerpt":{"rendered":"<ul>\n<li>Pijames de moda per a home fets de interlock 100% cot\u00f3.<\/li>\n<li>Top: Camisa senzilla de m\u00e0niga llarga amb escot rod\u00f3.<\/li>\n<li>Part inferior: pantalons llargs amb cames rectes i butxaques laterals.<\/li>\n<\/ul>\n","protected":false},"featured_media":6464,"comment_status":"open","ping_status":"closed","template":"","meta":{"_monsterinsights_skip_tracking":false,"_monsterinsights_sitenote_active":false,"_monsterinsights_sitenote_note":"","_monsterinsights_sitenote_category":0},"product_cat":[1477],"product_tag":[],"class_list":{"0":"post-9463","1":"product","2":"type-product","3":"status-publish","4":"has-post-thumbnail","6":"product_brand-hanro","7":"product_cat-pijames-home","9":"first","10":"instock","11":"shipping-taxable","12":"purchasable","13":"product-type-variable"},"aioseo_notices":[],"_links":{"self":[{"href":"https:\/\/goromenstore.com\/ca\/wp-json\/wp\/v2\/product\/9463","targetHints":{"allow":["GET"]}}],"collection":[{"href":"https:\/\/goromenstore.com\/ca\/wp-json\/wp\/v2\/product"}],"about":[{"href":"https:\/\/goromenstore.com\/ca\/wp-json\/wp\/v2\/types\/product"}],"replies":[{"embeddable":true,"href":"https:\/\/goromenstore.com\/ca\/wp-json\/wp\/v2\/comments?post=9463"}],"wp:featuredmedia":[{"embeddable":true,"href":"https:\/\/goromenstore.com\/ca\/wp-json\/wp\/v2\/media\/6464"}],"wp:attachment":[{"href":"https:\/\/goromenstore.com\/ca\/wp-json\/wp\/v2\/media?parent=9463"}],"wp:term":[{"taxonomy":"product_cat","embeddable":true,"href":"https:\/\/goromenstore.com\/ca\/wp-json\/wp\/v2\/product_cat?post=9463"},{"taxonomy":"product_tag","embeddable":true,"href":"https:\/\/goromenstore.com\/ca\/wp-json\/wp\/v2\/product_tag?post=9463"}],"curies":[{"name":"wp","href":"https:\/\/api.w.org\/{rel}","templated":true}]}}