{"id":9455,"date":"2022-10-03T18:14:07","date_gmt":"2022-10-03T16:14:07","guid":{"rendered":"https:\/\/goromenstore.com\/pijama-huber-al-coll-v\/"},"modified":"2025-02-21T14:44:04","modified_gmt":"2025-02-21T13:44:04","slug":"pijama-huber-al-coll-v","status":"publish","type":"product","link":"https:\/\/goromenstore.com\/ca\/producte\/pijama-huber-al-coll-v\/","title":{"rendered":"PIJAMA HUBER AL COLL V"},"content":{"rendered":"<p>Aquest c\u00f2mode conjunt de pijama es compon d&#8217;una samarreta de m\u00e0niga llarga amb escot de bec i butxaca al pit i uns pantalons de pijama llarg amb punys de disseny atemporal. Gr\u00e0cies al cot\u00f3 d\u00b4alta qualitat, els pijames ofereixen la m\u00e0xima comoditat, fins i tot durant el dia s\u00f3n l\u00b4elecci\u00f3 perfecta per descansar i relaxar-se. <\/p>\n","protected":false},"excerpt":{"rendered":"<ul>\n<li>Pijama amb camisa m\u00e0niga llarga de tall recte<\/li>\n<li>Escot de bec i butxaca al pit<\/li>\n<li>Roba de dormir amb pantalons llargs i punys.<\/li>\n<li>Cintura el\u00e0stica coberta amb tela<\/li>\n<li>Jersei de cot\u00f3 suau d&#8217;Europa amb teixit d&#8217;\u00c0ustria<\/li>\n<\/ul>\n","protected":false},"featured_media":6533,"comment_status":"open","ping_status":"closed","template":"","meta":{"_monsterinsights_skip_tracking":false,"_monsterinsights_sitenote_active":false,"_monsterinsights_sitenote_note":"","_monsterinsights_sitenote_category":0},"product_cat":[1477],"product_tag":[],"class_list":{"0":"post-9455","1":"product","2":"type-product","3":"status-publish","4":"has-post-thumbnail","6":"product_brand-huber","7":"product_cat-pijames-home","9":"first","10":"instock","11":"sale","12":"shipping-taxable","13":"purchasable","14":"product-type-variable"},"aioseo_notices":[],"_links":{"self":[{"href":"https:\/\/goromenstore.com\/ca\/wp-json\/wp\/v2\/product\/9455","targetHints":{"allow":["GET"]}}],"collection":[{"href":"https:\/\/goromenstore.com\/ca\/wp-json\/wp\/v2\/product"}],"about":[{"href":"https:\/\/goromenstore.com\/ca\/wp-json\/wp\/v2\/types\/product"}],"replies":[{"embeddable":true,"href":"https:\/\/goromenstore.com\/ca\/wp-json\/wp\/v2\/comments?post=9455"}],"wp:featuredmedia":[{"embeddable":true,"href":"https:\/\/goromenstore.com\/ca\/wp-json\/wp\/v2\/media\/6533"}],"wp:attachment":[{"href":"https:\/\/goromenstore.com\/ca\/wp-json\/wp\/v2\/media?parent=9455"}],"wp:term":[{"taxonomy":"product_cat","embeddable":true,"href":"https:\/\/goromenstore.com\/ca\/wp-json\/wp\/v2\/product_cat?post=9455"},{"taxonomy":"product_tag","embeddable":true,"href":"https:\/\/goromenstore.com\/ca\/wp-json\/wp\/v2\/product_tag?post=9455"}],"curies":[{"name":"wp","href":"https:\/\/api.w.org\/{rel}","templated":true}]}}