{"id":9451,"date":"2023-03-22T14:19:49","date_gmt":"2025-02-21T13:44:03","guid":{"rendered":"https:\/\/goromenstore.com\/pantalo-fanro-lli-coto\/"},"modified":"2025-02-21T14:44:03","modified_gmt":"2025-02-21T13:44:03","slug":"pantalo-fanro-lli-coto","status":"publish","type":"product","link":"https:\/\/goromenstore.com\/ca\/producte\/pantalo-fanro-lli-coto\/","title":{"rendered":"PANTAL\u00d3 FANRO LLI\/COT\u00d3"},"content":{"rendered":"<p>Aquests pantalons d&#8217;home de la s\u00e8rie HANRO Loungy Summer fan honor al seu nom: s\u00f3n c\u00f2modes i ideals per als calorosos dies d&#8217;estiu. La barreja de materials d&#8217;alta qualitat se sent c\u00f2moda en tot moment, perfecta per viatjar o, per exemple, a la platja. Especialment amb la camisa o la dessuadora amb caputxa de la s\u00e8rie, es creen conjunts complets de moda, tant per a homes com per a dones.  <\/p>\n","protected":false},"excerpt":{"rendered":"<ul>\n<li>Shorts de barreja de lli i cot\u00f3<\/li>\n<li>Material termoregulador d&#8217;aspecte r\u00fastic<\/li>\n<li>Pantalons amb cord\u00f3 i butxaques laterals<\/li>\n<li>Per a looks casuals i moderns, usable unisex<\/li>\n<\/ul>\n","protected":false},"featured_media":6883,"comment_status":"open","ping_status":"closed","template":"","meta":{"_monsterinsights_skip_tracking":false,"_monsterinsights_sitenote_active":false,"_monsterinsights_sitenote_note":"","_monsterinsights_sitenote_category":0},"product_cat":[1481,1403,1479],"product_tag":[],"class_list":{"0":"post-9451","1":"product","2":"type-product","3":"status-publish","4":"has-post-thumbnail","6":"product_brand-hanro","7":"product_cat-bermudes","8":"product_cat-homewear-home","9":"product_cat-pantalons-homewear-home","11":"first","12":"instock","13":"shipping-taxable","14":"purchasable","15":"product-type-variable"},"aioseo_notices":[],"_links":{"self":[{"href":"https:\/\/goromenstore.com\/ca\/wp-json\/wp\/v2\/product\/9451","targetHints":{"allow":["GET"]}}],"collection":[{"href":"https:\/\/goromenstore.com\/ca\/wp-json\/wp\/v2\/product"}],"about":[{"href":"https:\/\/goromenstore.com\/ca\/wp-json\/wp\/v2\/types\/product"}],"replies":[{"embeddable":true,"href":"https:\/\/goromenstore.com\/ca\/wp-json\/wp\/v2\/comments?post=9451"}],"wp:featuredmedia":[{"embeddable":true,"href":"https:\/\/goromenstore.com\/ca\/wp-json\/wp\/v2\/media\/6883"}],"wp:attachment":[{"href":"https:\/\/goromenstore.com\/ca\/wp-json\/wp\/v2\/media?parent=9451"}],"wp:term":[{"taxonomy":"product_cat","embeddable":true,"href":"https:\/\/goromenstore.com\/ca\/wp-json\/wp\/v2\/product_cat?post=9451"},{"taxonomy":"product_tag","embeddable":true,"href":"https:\/\/goromenstore.com\/ca\/wp-json\/wp\/v2\/product_tag?post=9451"}],"curies":[{"name":"wp","href":"https:\/\/api.w.org\/{rel}","templated":true}]}}