{"id":9449,"date":"2023-10-04T13:52:45","date_gmt":"2025-02-21T13:43:58","guid":{"rendered":"https:\/\/goromenstore.com\/jaqueta-informal-fanro\/"},"modified":"2025-02-21T14:43:58","modified_gmt":"2025-02-21T13:43:58","slug":"jaqueta-informal-fanro","status":"publish","type":"product","link":"https:\/\/goromenstore.com\/ca\/producte\/jaqueta-informal-fanro\/","title":{"rendered":"JAQUETA INFORMAL FANRO"},"content":{"rendered":"<p>Aquesta jaqueta FANRO de la nostra s\u00e8rie Smartwear \u00e9s sempre una bona elecci\u00f3 quan es tracta destil. Tamb\u00e9 ofereix un nivell de comoditat excepcionalment alt: t\u00e9 un tall c\u00f2mode i \u00e9s especialment c\u00f2mode gr\u00e0cies al suau teixit de doble cara. La textura acanalada de dos tons crea una excel\u00b7lent aparen\u00e7a de roba d&#8217;estar per casa, per\u00f2 tamb\u00e9 \u00e9s perfecta com a roba informal de negocis. Aix\u00f2 \u00e9s el que realment vol dir sentir-se b\u00e9.   <\/p>\n","protected":false},"excerpt":{"rendered":"<ul>\n<li>Jaqueta d&#8217;home confeccionada amb suau jersei de doble cara<\/li>\n<li>Look informal i elegant per estar a casa i de viatge<\/li>\n<li>Amb cremallera oculta i pr\u00e0ctics butxaques.<\/li>\n<li>El complement perfecte per als pantalons llargs de la mateixa s\u00e8rie.<\/li>\n<\/ul>\n","protected":false},"featured_media":6925,"comment_status":"open","ping_status":"closed","template":"","meta":{"_monsterinsights_skip_tracking":false,"_monsterinsights_sitenote_active":false,"_monsterinsights_sitenote_note":"","_monsterinsights_sitenote_category":0},"product_cat":[1476,1403,1462],"product_tag":[],"class_list":{"0":"post-9449","1":"product","2":"type-product","3":"status-publish","4":"has-post-thumbnail","6":"product_brand-hanro","7":"product_cat-bates-home","8":"product_cat-homewear-home","9":"product_cat-xandall","11":"first","12":"instock","13":"shipping-taxable","14":"purchasable","15":"product-type-variable"},"aioseo_notices":[],"_links":{"self":[{"href":"https:\/\/goromenstore.com\/ca\/wp-json\/wp\/v2\/product\/9449","targetHints":{"allow":["GET"]}}],"collection":[{"href":"https:\/\/goromenstore.com\/ca\/wp-json\/wp\/v2\/product"}],"about":[{"href":"https:\/\/goromenstore.com\/ca\/wp-json\/wp\/v2\/types\/product"}],"replies":[{"embeddable":true,"href":"https:\/\/goromenstore.com\/ca\/wp-json\/wp\/v2\/comments?post=9449"}],"wp:featuredmedia":[{"embeddable":true,"href":"https:\/\/goromenstore.com\/ca\/wp-json\/wp\/v2\/media\/6925"}],"wp:attachment":[{"href":"https:\/\/goromenstore.com\/ca\/wp-json\/wp\/v2\/media?parent=9449"}],"wp:term":[{"taxonomy":"product_cat","embeddable":true,"href":"https:\/\/goromenstore.com\/ca\/wp-json\/wp\/v2\/product_cat?post=9449"},{"taxonomy":"product_tag","embeddable":true,"href":"https:\/\/goromenstore.com\/ca\/wp-json\/wp\/v2\/product_tag?post=9449"}],"curies":[{"name":"wp","href":"https:\/\/api.w.org\/{rel}","templated":true}]}}