{"id":9441,"date":"2023-10-13T18:47:16","date_gmt":"2023-10-13T16:47:16","guid":{"rendered":"https:\/\/goromenstore.com\/samarreta-maniga-llarga-huber\/"},"modified":"2025-02-21T14:43:58","modified_gmt":"2025-02-21T13:43:58","slug":"samarreta-maniga-llarga-huber","status":"publish","type":"product","link":"https:\/\/goromenstore.com\/ca\/producte\/samarreta-maniga-llarga-huber\/","title":{"rendered":"SAMARRETA M\u00c0NIGA LLARGA HUBER"},"content":{"rendered":"<p>Aquesta samarreta de m\u00e0niga llarga garanteix somnis meravellosos, perqu\u00e8 \u00e9s un cot\u00f3 org\u00e0nic tan suau que facilita agafar el son i romandre adormit. Gr\u00e0cies a l&#8217;escot cl\u00e0ssic i al modern logotip brodat al pit, la samarreta del pijama crida l&#8217;atenci\u00f3 i queda genial fins i tot durant el dia. <\/p>\n","protected":false},"excerpt":{"rendered":"<ul>\n<li>Samarreta de m\u00e0niga llarga amb coll rod\u00f3.<\/li>\n<li>Samarreta m\u00e0niga llarga tall recte<\/li>\n<li>Vores tallades a la vora i la zona de les espatlles.<\/li>\n<li>Brodat decoratiu amb logo.<\/li>\n<li>Teixit suau de cot\u00f3 org\u00e0nic d&#8217;\u00c0ustria.<\/li>\n<\/ul>\n","protected":false},"featured_media":7025,"comment_status":"open","ping_status":"closed","template":"","meta":{"_monsterinsights_skip_tracking":false,"_monsterinsights_sitenote_active":false,"_monsterinsights_sitenote_note":"","_monsterinsights_sitenote_category":0},"product_cat":[1477,1483],"product_tag":[],"class_list":{"0":"post-9441","1":"product","2":"type-product","3":"status-publish","4":"has-post-thumbnail","6":"product_brand-huber","7":"product_cat-pijames-home","8":"product_cat-samarretes-home","10":"first","11":"instock","12":"sale","13":"shipping-taxable","14":"purchasable","15":"product-type-variable"},"aioseo_notices":[],"_links":{"self":[{"href":"https:\/\/goromenstore.com\/ca\/wp-json\/wp\/v2\/product\/9441","targetHints":{"allow":["GET"]}}],"collection":[{"href":"https:\/\/goromenstore.com\/ca\/wp-json\/wp\/v2\/product"}],"about":[{"href":"https:\/\/goromenstore.com\/ca\/wp-json\/wp\/v2\/types\/product"}],"replies":[{"embeddable":true,"href":"https:\/\/goromenstore.com\/ca\/wp-json\/wp\/v2\/comments?post=9441"}],"wp:featuredmedia":[{"embeddable":true,"href":"https:\/\/goromenstore.com\/ca\/wp-json\/wp\/v2\/media\/7025"}],"wp:attachment":[{"href":"https:\/\/goromenstore.com\/ca\/wp-json\/wp\/v2\/media?parent=9441"}],"wp:term":[{"taxonomy":"product_cat","embeddable":true,"href":"https:\/\/goromenstore.com\/ca\/wp-json\/wp\/v2\/product_cat?post=9441"},{"taxonomy":"product_tag","embeddable":true,"href":"https:\/\/goromenstore.com\/ca\/wp-json\/wp\/v2\/product_tag?post=9441"}],"curies":[{"name":"wp","href":"https:\/\/api.w.org\/{rel}","templated":true}]}}