{"id":9440,"date":"2023-10-04T14:05:48","date_gmt":"2025-02-21T13:43:57","guid":{"rendered":"https:\/\/goromenstore.com\/pantalo-informal-fanro\/"},"modified":"2025-02-21T14:43:57","modified_gmt":"2025-02-21T13:43:57","slug":"pantalo-informal-fanro","status":"publish","type":"product","link":"https:\/\/goromenstore.com\/ca\/producte\/pantalo-informal-fanro\/","title":{"rendered":"PANTAL\u00d3 INFORMAL FANRO"},"content":{"rendered":"<p>Aquests pantalons FANRO de la s\u00e8rie Smartwear s\u00f3n un veritable tot terreny: per a la ciutat, l&#8217;oficina, el temps lliure i els viatges. S\u00f3n informals i exclusius alhora. I un imprescindible per a molts looks elegants a casa i de viatge. El material suau amb textura acanalada de dos tons se sent b\u00e9 de dalt a baix. Els pantalons estan dissenyats amb camals allargats, cosa que resulta especialment elegant.<\/p>\n","protected":false},"excerpt":{"rendered":"<ul>\n<li>Pantalons llargs confeccionats en suau jersei de doble cara<\/li>\n<li>C\u00f2moda cintura el\u00e0stica amb rivets.<\/li>\n<li>Roba informal de negocis elegant que senti b\u00e9<\/li>\n<li>Gaudeix d\u00b4un gran look complet amb la jaqueta i bata de la mateixa s\u00e8rie<\/li>\n<\/ul>\n","protected":false},"featured_media":6939,"comment_status":"open","ping_status":"closed","template":"","meta":{"_monsterinsights_skip_tracking":false,"_monsterinsights_sitenote_active":false,"_monsterinsights_sitenote_note":"","_monsterinsights_sitenote_category":0},"product_cat":[1403,1479,1462],"product_tag":[],"class_list":{"0":"post-9440","1":"product","2":"type-product","3":"status-publish","4":"has-post-thumbnail","6":"product_brand-hanro","7":"product_cat-homewear-home","8":"product_cat-pantalons-homewear-home","9":"product_cat-xandall","11":"first","12":"instock","13":"shipping-taxable","14":"purchasable","15":"product-type-variable"},"aioseo_notices":[],"_links":{"self":[{"href":"https:\/\/goromenstore.com\/ca\/wp-json\/wp\/v2\/product\/9440","targetHints":{"allow":["GET"]}}],"collection":[{"href":"https:\/\/goromenstore.com\/ca\/wp-json\/wp\/v2\/product"}],"about":[{"href":"https:\/\/goromenstore.com\/ca\/wp-json\/wp\/v2\/types\/product"}],"replies":[{"embeddable":true,"href":"https:\/\/goromenstore.com\/ca\/wp-json\/wp\/v2\/comments?post=9440"}],"wp:featuredmedia":[{"embeddable":true,"href":"https:\/\/goromenstore.com\/ca\/wp-json\/wp\/v2\/media\/6939"}],"wp:attachment":[{"href":"https:\/\/goromenstore.com\/ca\/wp-json\/wp\/v2\/media?parent=9440"}],"wp:term":[{"taxonomy":"product_cat","embeddable":true,"href":"https:\/\/goromenstore.com\/ca\/wp-json\/wp\/v2\/product_cat?post=9440"},{"taxonomy":"product_tag","embeddable":true,"href":"https:\/\/goromenstore.com\/ca\/wp-json\/wp\/v2\/product_tag?post=9440"}],"curies":[{"name":"wp","href":"https:\/\/api.w.org\/{rel}","templated":true}]}}