{"id":9435,"date":"2023-10-13T18:52:57","date_gmt":"2023-10-13T16:52:57","guid":{"rendered":"https:\/\/goromenstore.com\/pantalo-pijama-huber\/"},"modified":"2025-02-21T14:43:57","modified_gmt":"2025-02-21T13:43:57","slug":"pantalo-pijama-huber","status":"publish","type":"product","link":"https:\/\/goromenstore.com\/ca\/producte\/pantalo-pijama-huber\/","title":{"rendered":"PANTAL\u00d3 PIJAMA HUBER"},"content":{"rendered":"<p><span>Amb aquests pantalons llargs de pijama estar\u00e0s ben vestida les 24 hores del dia.  <\/span><span>El disseny atemporal amb tall recte harmonitza perfectament amb el cot\u00f3 org\u00e0nic durador: es tracta d&#8217;una roba de nit per a la comoditat en contacte amb la pell.  <\/span><span>Les butxaques laterals dels pantalons de dormir ho completen h\u00e0bilment.<\/span><\/p>\n","protected":false},"excerpt":{"rendered":"<ul>\n<li><span>Pantalons pijama llarg tall recte<\/span><\/li>\n<li><span>Cintura recoberta de roba<\/span><\/li>\n<li><span>Pantalons amb butxaques laterals<\/span><\/li>\n<li><span>Jersei senzill confeccionat amb cot\u00f3 org\u00e0nic de f\u00e0cil cura<\/span><\/li>\n<li><span>Fabricat a Europa amb teixit d&#8217;\u00c0ustria.<\/span><\/li>\n<\/ul>\n","protected":false},"featured_media":7027,"comment_status":"open","ping_status":"closed","template":"","meta":{"_monsterinsights_skip_tracking":false,"_monsterinsights_sitenote_active":false,"_monsterinsights_sitenote_note":"","_monsterinsights_sitenote_category":0},"product_cat":[1477],"product_tag":[],"class_list":{"0":"post-9435","1":"product","2":"type-product","3":"status-publish","4":"has-post-thumbnail","6":"product_brand-huber","7":"product_cat-pijames-home","9":"first","10":"instock","11":"sale","12":"shipping-taxable","13":"purchasable","14":"product-type-variable"},"aioseo_notices":[],"_links":{"self":[{"href":"https:\/\/goromenstore.com\/ca\/wp-json\/wp\/v2\/product\/9435","targetHints":{"allow":["GET"]}}],"collection":[{"href":"https:\/\/goromenstore.com\/ca\/wp-json\/wp\/v2\/product"}],"about":[{"href":"https:\/\/goromenstore.com\/ca\/wp-json\/wp\/v2\/types\/product"}],"replies":[{"embeddable":true,"href":"https:\/\/goromenstore.com\/ca\/wp-json\/wp\/v2\/comments?post=9435"}],"wp:featuredmedia":[{"embeddable":true,"href":"https:\/\/goromenstore.com\/ca\/wp-json\/wp\/v2\/media\/7027"}],"wp:attachment":[{"href":"https:\/\/goromenstore.com\/ca\/wp-json\/wp\/v2\/media?parent=9435"}],"wp:term":[{"taxonomy":"product_cat","embeddable":true,"href":"https:\/\/goromenstore.com\/ca\/wp-json\/wp\/v2\/product_cat?post=9435"},{"taxonomy":"product_tag","embeddable":true,"href":"https:\/\/goromenstore.com\/ca\/wp-json\/wp\/v2\/product_tag?post=9435"}],"curies":[{"name":"wp","href":"https:\/\/api.w.org\/{rel}","templated":true}]}}