{"id":9432,"date":"2023-10-04T14:17:18","date_gmt":"2025-02-21T13:43:57","guid":{"rendered":"https:\/\/goromenstore.com\/bata-homewear-hanro\/"},"modified":"2025-02-21T14:43:57","modified_gmt":"2025-02-21T13:43:57","slug":"bata-homewear-hanro","status":"publish","type":"product","link":"https:\/\/goromenstore.com\/ca\/producte\/bata-homewear-hanro\/","title":{"rendered":"BATA HOMEWEAR HANRO"},"content":{"rendered":"<p><span>Aquesta bata FANRO de la s\u00e8rie Smartwear \u00e9s la combinaci\u00f3 preferida per a qualsevol dia de la setmana.  <\/span><span>L&#8217;abric est\u00e0 dissenyat per ser unisex: gr\u00e0cies al cintur\u00f3 s&#8217;adapta individualment a cada cos i crea aix\u00ed una agradable sensaci\u00f3 de benestar tant per a homes com per a dones.  <\/span><span>Especialment amb la jaqueta avantguardista i els pantalons llargs de la mateixa s\u00e8rie, aquest abric constitueix una declaraci\u00f3 de moda \u00fanica a la seva classe.<\/span><\/p>\n","protected":false},"excerpt":{"rendered":"<ul>\n<li><span>Bata d&#8217;home de 110 cm de llargada confeccionada en suau doble fa\u00e7<\/span><\/li>\n<li><span>Amb pr\u00e0ctics butxaques i cintur\u00f3 per nuar.<\/span><\/li>\n<li><span>Aspecte elegant per a negocis i lleure.<\/span><\/li>\n<li><span>Abric unisex per a estils urbans pr\u00eat-\u00e0-porter<\/span><\/li>\n<\/ul>\n","protected":false},"featured_media":6951,"comment_status":"open","ping_status":"closed","template":"","meta":{"_monsterinsights_skip_tracking":false,"_monsterinsights_sitenote_active":false,"_monsterinsights_sitenote_note":"","_monsterinsights_sitenote_category":0},"product_cat":[1476,1403],"product_tag":[],"class_list":{"0":"post-9432","1":"product","2":"type-product","3":"status-publish","4":"has-post-thumbnail","6":"product_brand-hanro","7":"product_cat-bates-home","8":"product_cat-homewear-home","10":"first","11":"instock","12":"shipping-taxable","13":"purchasable","14":"product-type-variable"},"aioseo_notices":[],"_links":{"self":[{"href":"https:\/\/goromenstore.com\/ca\/wp-json\/wp\/v2\/product\/9432","targetHints":{"allow":["GET"]}}],"collection":[{"href":"https:\/\/goromenstore.com\/ca\/wp-json\/wp\/v2\/product"}],"about":[{"href":"https:\/\/goromenstore.com\/ca\/wp-json\/wp\/v2\/types\/product"}],"replies":[{"embeddable":true,"href":"https:\/\/goromenstore.com\/ca\/wp-json\/wp\/v2\/comments?post=9432"}],"wp:featuredmedia":[{"embeddable":true,"href":"https:\/\/goromenstore.com\/ca\/wp-json\/wp\/v2\/media\/6951"}],"wp:attachment":[{"href":"https:\/\/goromenstore.com\/ca\/wp-json\/wp\/v2\/media?parent=9432"}],"wp:term":[{"taxonomy":"product_cat","embeddable":true,"href":"https:\/\/goromenstore.com\/ca\/wp-json\/wp\/v2\/product_cat?post=9432"},{"taxonomy":"product_tag","embeddable":true,"href":"https:\/\/goromenstore.com\/ca\/wp-json\/wp\/v2\/product_tag?post=9432"}],"curies":[{"name":"wp","href":"https:\/\/api.w.org\/{rel}","templated":true}]}}