{"id":9426,"date":"2023-10-04T14:26:19","date_gmt":"2025-02-21T13:43:56","guid":{"rendered":"https:\/\/goromenstore.com\/pijama-night-day\/"},"modified":"2025-02-21T14:43:56","modified_gmt":"2025-02-21T13:43:56","slug":"pijama-night-day","status":"publish","type":"product","link":"https:\/\/goromenstore.com\/ca\/producte\/pijama-night-day\/","title":{"rendered":"PIJAMA NIGHT &amp; DAY"},"content":{"rendered":"<p><span>Aquests pijames de la l\u00ednia HANRO Night &amp; Day ofereixen sempre el m\u00e0xim nivell de comoditat.  <\/span><span>La samarreta i els pantalons del pijama estan confeccionats en interlock de cot\u00f3, ideal per a temperatures hivernals.  <\/span><span>El material es fabrica a \u00c0ustria i destaca per la seva alta qualitat.  <\/span><span>Est\u00e0 raspallat i \u00e9s especialment suau i acollidor, perqu\u00e8 els homes se sentin b\u00e9.<\/span><\/p>\n","protected":false},"excerpt":{"rendered":"<ul>\n<li><span>Conjunt de pijama per a home fabricat amb 100% cot\u00f3.<\/span><\/li>\n<li><span>Pantalons de pijama amb butxaques i cord\u00f3<\/span><\/li>\n<li><span>Top amb tapeta de botons i coll rod\u00f3<\/span><\/li>\n<li><span>Es pot combinar perfectament amb la bata de la mateixa l\u00ednia.<\/span><\/li>\n<\/ul>\n","protected":false},"featured_media":6963,"comment_status":"open","ping_status":"closed","template":"","meta":{"_monsterinsights_skip_tracking":false,"_monsterinsights_sitenote_active":false,"_monsterinsights_sitenote_note":"","_monsterinsights_sitenote_category":0},"product_cat":[1477],"product_tag":[],"class_list":{"0":"post-9426","1":"product","2":"type-product","3":"status-publish","4":"has-post-thumbnail","6":"product_brand-hanro","7":"product_cat-pijames-home","9":"first","10":"instock","11":"shipping-taxable","12":"purchasable","13":"product-type-variable"},"aioseo_notices":[],"_links":{"self":[{"href":"https:\/\/goromenstore.com\/ca\/wp-json\/wp\/v2\/product\/9426","targetHints":{"allow":["GET"]}}],"collection":[{"href":"https:\/\/goromenstore.com\/ca\/wp-json\/wp\/v2\/product"}],"about":[{"href":"https:\/\/goromenstore.com\/ca\/wp-json\/wp\/v2\/types\/product"}],"replies":[{"embeddable":true,"href":"https:\/\/goromenstore.com\/ca\/wp-json\/wp\/v2\/comments?post=9426"}],"wp:featuredmedia":[{"embeddable":true,"href":"https:\/\/goromenstore.com\/ca\/wp-json\/wp\/v2\/media\/6963"}],"wp:attachment":[{"href":"https:\/\/goromenstore.com\/ca\/wp-json\/wp\/v2\/media?parent=9426"}],"wp:term":[{"taxonomy":"product_cat","embeddable":true,"href":"https:\/\/goromenstore.com\/ca\/wp-json\/wp\/v2\/product_cat?post=9426"},{"taxonomy":"product_tag","embeddable":true,"href":"https:\/\/goromenstore.com\/ca\/wp-json\/wp\/v2\/product_tag?post=9426"}],"curies":[{"name":"wp","href":"https:\/\/api.w.org\/{rel}","templated":true}]}}