{"id":9406,"date":"2023-11-27T11:31:24","date_gmt":"2025-02-21T13:43:50","guid":{"rendered":"https:\/\/goromenstore.com\/jaqueta-per-viatjar-i-relaxar-se\/"},"modified":"2025-03-31T01:05:08","modified_gmt":"2025-03-30T23:05:08","slug":"jaqueta-per-viatjar-i-relaxar-se","status":"publish","type":"product","link":"https:\/\/goromenstore.com\/ca\/producte\/jaqueta-per-viatjar-i-relaxar-se\/","title":{"rendered":"JAQUETA PER VIATJAR I RELAXAR-SE"},"content":{"rendered":"<p>Aquesta jaqueta FANRO de l&#8217;elegant i atemporal s\u00e8rie Favourites \u00e9s una nova roba interior preferida per relaxar-se i viatjar. El suau vellut garanteix c\u00f2modes moments de benestar, tant a casa com de viatge. Aquesta jaqueta imprescindible t\u00e9 un tall c\u00f2mode i moderns punys als bra\u00e7os i cintura. Per exemple, es pot combinar perfectament amb els pantalons llargs de la s\u00e8rie.<\/p>\n","protected":false},"excerpt":{"rendered":"<ul>\n<li>Elegant jaqueta d&#8217;home confeccionada amb vellut fi.<\/li>\n<li>Amb cremallera, butxaques i coll alt.<\/li>\n<li>Barreja de cot\u00f3 i modal de notable qualitat<\/li>\n<li>Roba d&#8217;estar per casa luxosa amb una lleugera brillantor.<\/li>\n<\/ul>\n","protected":false},"featured_media":7209,"comment_status":"open","ping_status":"closed","template":"","meta":{"_monsterinsights_skip_tracking":false,"_monsterinsights_sitenote_active":false,"_monsterinsights_sitenote_note":"","_monsterinsights_sitenote_category":0},"product_cat":[1403,1462],"product_tag":[],"class_list":{"0":"post-9406","1":"product","2":"type-product","3":"status-publish","4":"has-post-thumbnail","6":"product_brand-hanro","7":"product_cat-homewear-home","8":"product_cat-xandall","10":"first","11":"instock","12":"shipping-taxable","13":"purchasable","14":"product-type-variable"},"aioseo_notices":[],"_links":{"self":[{"href":"https:\/\/goromenstore.com\/ca\/wp-json\/wp\/v2\/product\/9406","targetHints":{"allow":["GET"]}}],"collection":[{"href":"https:\/\/goromenstore.com\/ca\/wp-json\/wp\/v2\/product"}],"about":[{"href":"https:\/\/goromenstore.com\/ca\/wp-json\/wp\/v2\/types\/product"}],"replies":[{"embeddable":true,"href":"https:\/\/goromenstore.com\/ca\/wp-json\/wp\/v2\/comments?post=9406"}],"wp:featuredmedia":[{"embeddable":true,"href":"https:\/\/goromenstore.com\/ca\/wp-json\/wp\/v2\/media\/7209"}],"wp:attachment":[{"href":"https:\/\/goromenstore.com\/ca\/wp-json\/wp\/v2\/media?parent=9406"}],"wp:term":[{"taxonomy":"product_cat","embeddable":true,"href":"https:\/\/goromenstore.com\/ca\/wp-json\/wp\/v2\/product_cat?post=9406"},{"taxonomy":"product_tag","embeddable":true,"href":"https:\/\/goromenstore.com\/ca\/wp-json\/wp\/v2\/product_tag?post=9406"}],"curies":[{"name":"wp","href":"https:\/\/api.w.org\/{rel}","templated":true}]}}