{"id":9404,"date":"2023-10-14T13:15:03","date_gmt":"2025-02-21T13:43:50","guid":{"rendered":"https:\/\/goromenstore.com\/multieina-leatherman-wave-2\/"},"modified":"2025-02-21T14:43:50","modified_gmt":"2025-02-21T13:43:50","slug":"multieina-leatherman-wave-2","status":"publish","type":"product","link":"https:\/\/goromenstore.com\/ca\/producte\/multieina-leatherman-wave-2\/","title":{"rendered":"MULTIEINA LEATHERMAN WAVE"},"content":{"rendered":"<p>La multieina Wave\u00ae Plus 2H, un \u00e8xit de vendes internacional, t\u00e9 totes les eines essencials que necessites per a les tasques di\u00e0ries. Les 18 eines es poden obrir i bloquejar c\u00f2moda i f\u00e0cilment per fer qualsevol tasca. Les seves fulles s&#8217;obren de manera segura amb les dues mans. La majoria de les seves funcionalitats s\u00f3n accessibles des de l&#8217;exterior i aix\u00f2 permet utilitzar les multiusos quan est\u00e0 tancada. L&#8217;eina est\u00e0 recolzada per la nostra garantia de 25 anys.<\/p>\n","protected":false},"excerpt":{"rendered":"<h3 id=\"tools-included-list-title\" class=\"product-detail__attributes-tools-list-title\">EINES INCLOSES<\/h3>\n<div class=\"product-detail__attributes-tools-list-content\">Alicates de punta prima<\/div>\n<div class=\"product-detail__attributes-tools-list-content\">Alicates comunes<\/div>\n<div class=\"product-detail__attributes-tools-list-content\">Talladors de cables durs reempla\u00e7ables premium<\/div>\n<div class=\"product-detail__attributes-tools-list-content\">Talladors de filferros reempla\u00e7ables premium<\/div>\n<div class=\"product-detail__attributes-tools-list-content\">Premsa terminals el\u00e8ctrics<\/div>\n<div class=\"product-detail__attributes-tools-list-content\">Pelador de cables<\/div>\n<div class=\"product-detail__attributes-tools-list-content\">Navalla 420HC<\/div>\n<div class=\"product-detail__attributes-tools-list-content\">Navalla de serra 420HC<\/div>\n<div class=\"product-detail__attributes-tools-list-content\">Serra<\/div>\n<div class=\"product-detail__attributes-tools-list-content\">Tisores amb ressort<\/div>\n<div class=\"product-detail__attributes-tools-list-content\">Regla (19cm)<\/div>\n<div class=\"product-detail__attributes-tools-list-content\">Obrelates<\/div>\n<div class=\"product-detail__attributes-tools-list-content\">Obreampolles<\/div>\n<div class=\"product-detail__attributes-tools-list-content\">Llima de fusta i metall<\/div>\n<div class=\"product-detail__attributes-tools-list-content\"><\/div>\n","protected":false},"featured_media":7101,"comment_status":"open","ping_status":"closed","template":"","meta":{"_monsterinsights_skip_tracking":false,"_monsterinsights_sitenote_active":false,"_monsterinsights_sitenote_note":"","_monsterinsights_sitenote_category":0},"product_cat":[1394],"product_tag":[],"class_list":{"0":"post-9404","1":"product","2":"type-product","3":"status-publish","4":"has-post-thumbnail","6":"product_brand-leatherman","7":"product_cat-accessoris","9":"first","10":"instock","11":"shipping-taxable","12":"purchasable","13":"product-type-variable"},"aioseo_notices":[],"_links":{"self":[{"href":"https:\/\/goromenstore.com\/ca\/wp-json\/wp\/v2\/product\/9404","targetHints":{"allow":["GET"]}}],"collection":[{"href":"https:\/\/goromenstore.com\/ca\/wp-json\/wp\/v2\/product"}],"about":[{"href":"https:\/\/goromenstore.com\/ca\/wp-json\/wp\/v2\/types\/product"}],"replies":[{"embeddable":true,"href":"https:\/\/goromenstore.com\/ca\/wp-json\/wp\/v2\/comments?post=9404"}],"wp:featuredmedia":[{"embeddable":true,"href":"https:\/\/goromenstore.com\/ca\/wp-json\/wp\/v2\/media\/7101"}],"wp:attachment":[{"href":"https:\/\/goromenstore.com\/ca\/wp-json\/wp\/v2\/media?parent=9404"}],"wp:term":[{"taxonomy":"product_cat","embeddable":true,"href":"https:\/\/goromenstore.com\/ca\/wp-json\/wp\/v2\/product_cat?post=9404"},{"taxonomy":"product_tag","embeddable":true,"href":"https:\/\/goromenstore.com\/ca\/wp-json\/wp\/v2\/product_tag?post=9404"}],"curies":[{"name":"wp","href":"https:\/\/api.w.org\/{rel}","templated":true}]}}