{"id":9398,"date":"2023-11-27T11:44:23","date_gmt":"2025-02-21T13:43:49","guid":{"rendered":"https:\/\/goromenstore.com\/pantalo-per-relax-i-viatjar\/"},"modified":"2025-03-31T01:05:08","modified_gmt":"2025-03-30T23:05:08","slug":"pantalo-per-relax-i-viatjar","status":"publish","type":"product","link":"https:\/\/goromenstore.com\/ca\/producte\/pantalo-per-relax-i-viatjar\/","title":{"rendered":"PANTAL\u00d3 PER RELAX I VIATJAR"},"content":{"rendered":"<p><span>Aquests pantalons llargs de la s\u00e8rie de roba d&#8217;estar per casa premium de HANRO Favourites ofereixen la m\u00e0xima comoditat durant tot el dia: el suau vellut de tall informal crea la m\u00e0xima sensaci\u00f3 de confort a la pell.  <\/span><span>L&#8217;aspecte lleugerament brillant dels pantalons els converteix en un look informal elegant, perfecte per relaxar-se i viatjar.  <\/span><span>Per exemple, la jaqueta dhome de la s\u00e8rie completa lestil.<\/span><\/p>\n","protected":false},"excerpt":{"rendered":"<ul>\n<li><span>Pantalons d&#8217;home moderns amb camals c\u00f2nics.<\/span><\/li>\n<li><span>Pr\u00e0ctics butxaques, cord\u00f3 i bonics punys.<\/span><\/li>\n<li><span>Vellut suau elaborat amb una barreja de cot\u00f3 i modal.<\/span><\/li>\n<li><span>Look c\u00f2mode per estar a casa i de viatge<\/span><\/li>\n<\/ul>\n","protected":false},"featured_media":7219,"comment_status":"open","ping_status":"closed","template":"","meta":{"_monsterinsights_skip_tracking":false,"_monsterinsights_sitenote_active":false,"_monsterinsights_sitenote_note":"","_monsterinsights_sitenote_category":0},"product_cat":[1403,1480,1479,1462],"product_tag":[],"class_list":{"0":"post-9398","1":"product","2":"type-product","3":"status-publish","4":"has-post-thumbnail","6":"product_brand-hanro","7":"product_cat-homewear-home","8":"product_cat-pantalons","9":"product_cat-pantalons-homewear-home","10":"product_cat-xandall","12":"first","13":"instock","14":"shipping-taxable","15":"purchasable","16":"product-type-variable"},"aioseo_notices":[],"_links":{"self":[{"href":"https:\/\/goromenstore.com\/ca\/wp-json\/wp\/v2\/product\/9398","targetHints":{"allow":["GET"]}}],"collection":[{"href":"https:\/\/goromenstore.com\/ca\/wp-json\/wp\/v2\/product"}],"about":[{"href":"https:\/\/goromenstore.com\/ca\/wp-json\/wp\/v2\/types\/product"}],"replies":[{"embeddable":true,"href":"https:\/\/goromenstore.com\/ca\/wp-json\/wp\/v2\/comments?post=9398"}],"wp:featuredmedia":[{"embeddable":true,"href":"https:\/\/goromenstore.com\/ca\/wp-json\/wp\/v2\/media\/7219"}],"wp:attachment":[{"href":"https:\/\/goromenstore.com\/ca\/wp-json\/wp\/v2\/media?parent=9398"}],"wp:term":[{"taxonomy":"product_cat","embeddable":true,"href":"https:\/\/goromenstore.com\/ca\/wp-json\/wp\/v2\/product_cat?post=9398"},{"taxonomy":"product_tag","embeddable":true,"href":"https:\/\/goromenstore.com\/ca\/wp-json\/wp\/v2\/product_tag?post=9398"}],"curies":[{"name":"wp","href":"https:\/\/api.w.org\/{rel}","templated":true}]}}