{"id":9380,"date":"2024-03-09T13:11:59","date_gmt":"2025-02-21T13:43:48","guid":{"rendered":"https:\/\/goromenstore.com\/pantalo-pijama-curt-fanc\/"},"modified":"2025-02-21T14:43:48","modified_gmt":"2025-02-21T13:43:48","slug":"pantalo-pijama-curt-fanc","status":"publish","type":"product","link":"https:\/\/goromenstore.com\/ca\/producte\/pantalo-pijama-curt-fanc\/","title":{"rendered":"PANTAL\u00d3 PIJAMA CURT FANC"},"content":{"rendered":"<p>Aquests pantalons d&#8217;home de la l\u00ednia HANRO Night &amp; Day s\u00f3n, com el nom indica, perfectes per al dia i la nit. L&#8217;estil \u00e9s adequat per relaxar-se, dormir, passejar i tamb\u00e9 per festes al jard\u00ed oa la platja. Les pr\u00e0ctiques butxaques completen la comoditat del suau teixit. Aconseguiu un conjunt atractiu, per exemple, amb la bata estiuenca de ris de punt de la mateixa l\u00ednia.   <\/p>\n","protected":false},"excerpt":{"rendered":"<p>Aquests pantalons d&#8217;home de la l\u00ednia HANRO Night &amp; Day s\u00f3n, com el nom indica, perfectes per al dia i la nit. L&#8217;estil \u00e9s adequat per relaxar-se, dormir, passejar i tamb\u00e9 per festes al jard\u00ed oa la platja. Les pr\u00e0ctiques butxaques completen la comoditat del suau teixit. Aconseguiu un conjunt atractiu, per exemple, amb la [&hellip;]<\/p>\n","protected":false},"featured_media":7280,"comment_status":"open","ping_status":"closed","template":"","meta":{"_monsterinsights_skip_tracking":false,"_monsterinsights_sitenote_active":false,"_monsterinsights_sitenote_note":"","_monsterinsights_sitenote_category":0},"product_cat":[1403,1477],"product_tag":[],"class_list":{"0":"post-9380","1":"product","2":"type-product","3":"status-publish","4":"has-post-thumbnail","6":"product_brand-hanro","7":"product_cat-homewear-home","8":"product_cat-pijames-home","10":"first","11":"instock","12":"sale","13":"shipping-taxable","14":"purchasable","15":"product-type-variable"},"aioseo_notices":[],"_links":{"self":[{"href":"https:\/\/goromenstore.com\/ca\/wp-json\/wp\/v2\/product\/9380","targetHints":{"allow":["GET"]}}],"collection":[{"href":"https:\/\/goromenstore.com\/ca\/wp-json\/wp\/v2\/product"}],"about":[{"href":"https:\/\/goromenstore.com\/ca\/wp-json\/wp\/v2\/types\/product"}],"replies":[{"embeddable":true,"href":"https:\/\/goromenstore.com\/ca\/wp-json\/wp\/v2\/comments?post=9380"}],"wp:featuredmedia":[{"embeddable":true,"href":"https:\/\/goromenstore.com\/ca\/wp-json\/wp\/v2\/media\/7280"}],"wp:attachment":[{"href":"https:\/\/goromenstore.com\/ca\/wp-json\/wp\/v2\/media?parent=9380"}],"wp:term":[{"taxonomy":"product_cat","embeddable":true,"href":"https:\/\/goromenstore.com\/ca\/wp-json\/wp\/v2\/product_cat?post=9380"},{"taxonomy":"product_tag","embeddable":true,"href":"https:\/\/goromenstore.com\/ca\/wp-json\/wp\/v2\/product_tag?post=9380"}],"curies":[{"name":"wp","href":"https:\/\/api.w.org\/{rel}","templated":true}]}}