{"id":9379,"date":"2023-10-14T14:07:54","date_gmt":"2025-02-21T13:43:48","guid":{"rendered":"https:\/\/goromenstore.com\/samarreta-coll-pic-fanro\/"},"modified":"2025-02-21T14:43:48","modified_gmt":"2025-02-21T13:43:48","slug":"samarreta-coll-pic-fanro","status":"publish","type":"product","link":"https:\/\/goromenstore.com\/ca\/producte\/samarreta-coll-pic-fanro\/","title":{"rendered":"SAMARRETA COLL PIC FANRO"},"content":{"rendered":"<p>Hanro Casuals \u00e9s una col\u00b7lecci\u00f3 de peces chic imprescindibles. Un grup d&#8217;estils vers\u00e0tils perfectes per relaxar-se, treballar des de casa, viatjar o estar actiu. Una infinitat d&#8217;opcions que s\u00f3n perfectes per barrejar i combinar i fins i tot superposar. La camisa de m\u00e0niga llarga est\u00e0 confeccionada amb un teixit de viscosa lleuger i especialment suau.   <\/p>\n","protected":false},"excerpt":{"rendered":"<ul>\n<li>Confeccionat amb una barreja de viscosa i elast\u00e0.<\/li>\n<li>Suau i fluid<\/li>\n<li>Cura f\u00e0cil, extremadament c\u00f2mode.<\/li>\n<li>Escot de canal\u00e9 suau<\/li>\n<\/ul>\n","protected":false},"featured_media":7137,"comment_status":"open","ping_status":"closed","template":"","meta":{"_monsterinsights_skip_tracking":false,"_monsterinsights_sitenote_active":false,"_monsterinsights_sitenote_note":"","_monsterinsights_sitenote_category":0},"product_cat":[1403,1470,1483],"product_tag":[],"class_list":{"0":"post-9379","1":"product","2":"type-product","3":"status-publish","4":"has-post-thumbnail","6":"product_brand-hanro","7":"product_cat-homewear-home","8":"product_cat-roba-casual","9":"product_cat-samarretes-home","11":"first","12":"instock","13":"shipping-taxable","14":"purchasable","15":"product-type-variable"},"aioseo_notices":[],"_links":{"self":[{"href":"https:\/\/goromenstore.com\/ca\/wp-json\/wp\/v2\/product\/9379","targetHints":{"allow":["GET"]}}],"collection":[{"href":"https:\/\/goromenstore.com\/ca\/wp-json\/wp\/v2\/product"}],"about":[{"href":"https:\/\/goromenstore.com\/ca\/wp-json\/wp\/v2\/types\/product"}],"replies":[{"embeddable":true,"href":"https:\/\/goromenstore.com\/ca\/wp-json\/wp\/v2\/comments?post=9379"}],"wp:featuredmedia":[{"embeddable":true,"href":"https:\/\/goromenstore.com\/ca\/wp-json\/wp\/v2\/media\/7137"}],"wp:attachment":[{"href":"https:\/\/goromenstore.com\/ca\/wp-json\/wp\/v2\/media?parent=9379"}],"wp:term":[{"taxonomy":"product_cat","embeddable":true,"href":"https:\/\/goromenstore.com\/ca\/wp-json\/wp\/v2\/product_cat?post=9379"},{"taxonomy":"product_tag","embeddable":true,"href":"https:\/\/goromenstore.com\/ca\/wp-json\/wp\/v2\/product_tag?post=9379"}],"curies":[{"name":"wp","href":"https:\/\/api.w.org\/{rel}","templated":true}]}}