{"id":9358,"date":"2023-03-01T12:37:06","date_gmt":"2025-02-21T13:43:05","guid":{"rendered":"https:\/\/goromenstore.com\/bermuda-coto-de-fanro\/"},"modified":"2025-02-21T14:43:05","modified_gmt":"2025-02-21T13:43:05","slug":"bermuda-coto-de-fanro","status":"publish","type":"product","link":"https:\/\/goromenstore.com\/ca\/producte\/bermuda-coto-de-fanro\/","title":{"rendered":"BERMUDA COT\u00d3 DE FANRO"},"content":{"rendered":"<p>Aquests pantalons curts de la s\u00e8rie HANRO Natural Living parlen per si sols. French terry confeccionat en cot\u00f3 org\u00e0nic, sostenible, vers\u00e0til i per tant perfecte per a cada ocasi\u00f3. Per viure amb naturalitat, per sentir-se b\u00e9 a casa i fora. Els punys de canal\u00e9 s\u00f3n un punt culminant visual. La dessuadora o la jaqueta de la s\u00e8rie completen h\u00e0bilment l&#8217;estil de tend\u00e8ncia.    <\/p>\n","protected":false},"excerpt":{"rendered":"<ul>\n<li>Pantalons curts per a homes amb un look esportiu.<\/li>\n<li>Roba de sal\u00f3 sostenible feta de suau cot\u00f3 org\u00e0nic.<\/li>\n<li>Estil que conserva la forma amb detalls de canal\u00e9<\/li>\n<li>Pr\u00e0ctics butxaques i cord\u00f3 ajustable a la cintura<\/li>\n<\/ul>\n","protected":false},"featured_media":6705,"comment_status":"open","ping_status":"closed","template":"","meta":{"_monsterinsights_skip_tracking":false,"_monsterinsights_sitenote_active":false,"_monsterinsights_sitenote_note":"","_monsterinsights_sitenote_category":0},"product_cat":[1481,1480,1470],"product_tag":[1949,1899],"class_list":{"0":"post-9358","1":"product","2":"type-product","3":"status-publish","4":"has-post-thumbnail","6":"product_brand-hanro","7":"product_cat-bermudes","8":"product_cat-pantalons","9":"product_cat-roba-casual","10":"product_tag-bermudes","11":"product_tag-homewear-ca","13":"first","14":"instock","15":"shipping-taxable","16":"purchasable","17":"product-type-variable"},"aioseo_notices":[],"_links":{"self":[{"href":"https:\/\/goromenstore.com\/ca\/wp-json\/wp\/v2\/product\/9358","targetHints":{"allow":["GET"]}}],"collection":[{"href":"https:\/\/goromenstore.com\/ca\/wp-json\/wp\/v2\/product"}],"about":[{"href":"https:\/\/goromenstore.com\/ca\/wp-json\/wp\/v2\/types\/product"}],"replies":[{"embeddable":true,"href":"https:\/\/goromenstore.com\/ca\/wp-json\/wp\/v2\/comments?post=9358"}],"wp:featuredmedia":[{"embeddable":true,"href":"https:\/\/goromenstore.com\/ca\/wp-json\/wp\/v2\/media\/6705"}],"wp:attachment":[{"href":"https:\/\/goromenstore.com\/ca\/wp-json\/wp\/v2\/media?parent=9358"}],"wp:term":[{"taxonomy":"product_cat","embeddable":true,"href":"https:\/\/goromenstore.com\/ca\/wp-json\/wp\/v2\/product_cat?post=9358"},{"taxonomy":"product_tag","embeddable":true,"href":"https:\/\/goromenstore.com\/ca\/wp-json\/wp\/v2\/product_tag?post=9358"}],"curies":[{"name":"wp","href":"https:\/\/api.w.org\/{rel}","templated":true}]}}