{"id":9353,"date":"2022-11-23T13:17:32","date_gmt":"2025-02-21T13:43:04","guid":{"rendered":"https:\/\/goromenstore.com\/cinturo-trenat-elastic\/"},"modified":"2025-02-21T14:43:04","modified_gmt":"2025-02-21T13:43:04","slug":"cinturo-trenat-elastic","status":"publish","type":"product","link":"https:\/\/goromenstore.com\/ca\/producte\/cinturo-trenat-elastic\/","title":{"rendered":"CINTUR\u00d3 TRENAT EL\u00c0STIC"},"content":{"rendered":"<p>Cinturons trenats el\u00e0stics, acabats davant del to.<\/p>\n<p> Gran comoditat en poder ajustar el tancament de manera personalitzada segons l&#8217;hora del dia o diferents activitats.<\/p>\n<p> Fabricats a Barcelona<\/p>\n","protected":false},"excerpt":{"rendered":"<p>Cintur\u00f3 trenat el\u00e0stic amb acabats al davant.<\/p>\n","protected":false},"featured_media":6597,"comment_status":"open","ping_status":"closed","template":"","meta":{"_monsterinsights_skip_tracking":false,"_monsterinsights_sitenote_active":false,"_monsterinsights_sitenote_note":"","_monsterinsights_sitenote_category":0},"product_cat":[1946,1394],"product_tag":[1948,1947,1843],"class_list":{"0":"post-9353","1":"product","2":"type-product","3":"status-publish","4":"has-post-thumbnail","6":"product_cat-cinturons","7":"product_cat-accessoris","8":"product_tag-comoditat","9":"product_tag-confort-ca","10":"product_tag-regal","12":"first","13":"instock","14":"shipping-taxable","15":"purchasable","16":"product-type-variable"},"aioseo_notices":[],"_links":{"self":[{"href":"https:\/\/goromenstore.com\/ca\/wp-json\/wp\/v2\/product\/9353","targetHints":{"allow":["GET"]}}],"collection":[{"href":"https:\/\/goromenstore.com\/ca\/wp-json\/wp\/v2\/product"}],"about":[{"href":"https:\/\/goromenstore.com\/ca\/wp-json\/wp\/v2\/types\/product"}],"replies":[{"embeddable":true,"href":"https:\/\/goromenstore.com\/ca\/wp-json\/wp\/v2\/comments?post=9353"}],"wp:featuredmedia":[{"embeddable":true,"href":"https:\/\/goromenstore.com\/ca\/wp-json\/wp\/v2\/media\/6597"}],"wp:attachment":[{"href":"https:\/\/goromenstore.com\/ca\/wp-json\/wp\/v2\/media?parent=9353"}],"wp:term":[{"taxonomy":"product_cat","embeddable":true,"href":"https:\/\/goromenstore.com\/ca\/wp-json\/wp\/v2\/product_cat?post=9353"},{"taxonomy":"product_tag","embeddable":true,"href":"https:\/\/goromenstore.com\/ca\/wp-json\/wp\/v2\/product_tag?post=9353"}],"curies":[{"name":"wp","href":"https:\/\/api.w.org\/{rel}","templated":true}]}}