{"id":9351,"date":"2022-10-03T17:21:34","date_gmt":"2025-02-21T13:43:04","guid":{"rendered":"https:\/\/goromenstore.com\/elegant-bata-hanro\/"},"modified":"2025-02-21T14:43:04","modified_gmt":"2025-02-21T13:43:04","slug":"elegant-bata-hanro","status":"publish","type":"product","link":"https:\/\/goromenstore.com\/ca\/producte\/elegant-bata-hanro\/","title":{"rendered":"ELEGANT BATA HANRO"},"content":{"rendered":"<p>Aquesta elegant bata HANRO \u00e9s el m\u00e9s destacat de la s\u00e8rie Selection. Combina noblesa amb el m\u00e9s alt nivell de comoditat i est\u00e0 fet de cot\u00f3 pur. L&#8217;abric est\u00e0 dissenyat amb elements her\u00e0ldics en colors subtils. Aix\u00f2 fa que es vegi mascul\u00ed, sofisticat i meravellosament extravagant. Es pot combinar perfectament amb els pijames de la s\u00e8rie i tamb\u00e9 \u00e9s adequat per a estils elegants pr\u00eat-\u00e0-porter.<\/p>\n","protected":false},"excerpt":{"rendered":"<ul>\n<li>Lux\u00f3s BAT\u00cd d&#8217;home amb efecte doble fa\u00e7<\/li>\n<li>Set\u00ed teixit merceritzat suau d&#8217;\u00c0ustria<\/li>\n<li>Amb rivet de contrast, cintur\u00f3 de lla\u00e7 i butxaques<\/li>\n<li>Xic cl\u00e0ssic per a la llar<\/li>\n<\/ul>\n","protected":false},"featured_media":6492,"comment_status":"open","ping_status":"closed","template":"","meta":{"_monsterinsights_skip_tracking":false,"_monsterinsights_sitenote_active":false,"_monsterinsights_sitenote_note":"","_monsterinsights_sitenote_category":0},"product_cat":[1476,1403],"product_tag":[],"class_list":{"0":"post-9351","1":"product","2":"type-product","3":"status-publish","4":"has-post-thumbnail","6":"product_brand-hanro","7":"product_cat-bates-home","8":"product_cat-homewear-home","10":"first","11":"instock","12":"shipping-taxable","13":"purchasable","14":"product-type-variable"},"aioseo_notices":[],"_links":{"self":[{"href":"https:\/\/goromenstore.com\/ca\/wp-json\/wp\/v2\/product\/9351","targetHints":{"allow":["GET"]}}],"collection":[{"href":"https:\/\/goromenstore.com\/ca\/wp-json\/wp\/v2\/product"}],"about":[{"href":"https:\/\/goromenstore.com\/ca\/wp-json\/wp\/v2\/types\/product"}],"replies":[{"embeddable":true,"href":"https:\/\/goromenstore.com\/ca\/wp-json\/wp\/v2\/comments?post=9351"}],"wp:featuredmedia":[{"embeddable":true,"href":"https:\/\/goromenstore.com\/ca\/wp-json\/wp\/v2\/media\/6492"}],"wp:attachment":[{"href":"https:\/\/goromenstore.com\/ca\/wp-json\/wp\/v2\/media?parent=9351"}],"wp:term":[{"taxonomy":"product_cat","embeddable":true,"href":"https:\/\/goromenstore.com\/ca\/wp-json\/wp\/v2\/product_cat?post=9351"},{"taxonomy":"product_tag","embeddable":true,"href":"https:\/\/goromenstore.com\/ca\/wp-json\/wp\/v2\/product_tag?post=9351"}],"curies":[{"name":"wp","href":"https:\/\/api.w.org\/{rel}","templated":true}]}}