{"id":9346,"date":"2022-10-03T12:55:25","date_gmt":"2025-02-21T13:43:04","guid":{"rendered":"https:\/\/goromenstore.com\/pantalons-xandall-hanro\/"},"modified":"2025-02-21T14:43:04","modified_gmt":"2025-02-21T13:43:04","slug":"pantalons-xandall-hanro","status":"publish","type":"product","link":"https:\/\/goromenstore.com\/ca\/producte\/pantalons-xandall-hanro\/","title":{"rendered":"pantalons xandall hanro"},"content":{"rendered":"<p>Aquests pantalons FANRO de la s\u00e8rie Natural Living s\u00f3n sostenibles, aix\u00f2 s&#8217;aplica tant a la suau pelfa francesa com a l&#8217;excepcional comoditat d&#8217;\u00fas. Els pantalons s\u00f3n perfectes per a looks casuals i esportius. Ja sigui a l&#8217;oficina a casa, de viatge o com a pr\u00eat-\u00e0-porter, es poden combinar de forma intel\u00b7ligent. Per exemple, amb caputxa i jaqueta de la s\u00e8rie. La roba de sal\u00f3 fa tangible el pur luxe.<\/p>\n","protected":false},"excerpt":{"rendered":"<ul>\n<li>Pantalons llargs d&#8217;home confeccionats en suau cot\u00f3 org\u00e0nic<\/li>\n<li>Acollidor interior rug\u00f3s, tall modern.<\/li>\n<li>Dimensionalment estable amb una butxaca per a tel\u00e8fon intel\u00b7ligent a la cintura<\/li>\n<\/ul>\n","protected":false},"featured_media":6424,"comment_status":"open","ping_status":"closed","template":"","meta":{"_monsterinsights_skip_tracking":false,"_monsterinsights_sitenote_active":false,"_monsterinsights_sitenote_note":"","_monsterinsights_sitenote_category":0},"product_cat":[1470,1462],"product_tag":[1859,1846,1944],"class_list":{"0":"post-9346","1":"product","2":"type-product","3":"status-publish","4":"has-post-thumbnail","6":"product_brand-hanro","7":"product_cat-roba-casual","8":"product_cat-xandall","9":"product_tag-comode","10":"product_tag-qualitat-per-a-la-pell","11":"product_tag-xandal-elegant","13":"first","14":"instock","15":"shipping-taxable","16":"purchasable","17":"product-type-variable"},"aioseo_notices":[],"_links":{"self":[{"href":"https:\/\/goromenstore.com\/ca\/wp-json\/wp\/v2\/product\/9346","targetHints":{"allow":["GET"]}}],"collection":[{"href":"https:\/\/goromenstore.com\/ca\/wp-json\/wp\/v2\/product"}],"about":[{"href":"https:\/\/goromenstore.com\/ca\/wp-json\/wp\/v2\/types\/product"}],"replies":[{"embeddable":true,"href":"https:\/\/goromenstore.com\/ca\/wp-json\/wp\/v2\/comments?post=9346"}],"wp:featuredmedia":[{"embeddable":true,"href":"https:\/\/goromenstore.com\/ca\/wp-json\/wp\/v2\/media\/6424"}],"wp:attachment":[{"href":"https:\/\/goromenstore.com\/ca\/wp-json\/wp\/v2\/media?parent=9346"}],"wp:term":[{"taxonomy":"product_cat","embeddable":true,"href":"https:\/\/goromenstore.com\/ca\/wp-json\/wp\/v2\/product_cat?post=9346"},{"taxonomy":"product_tag","embeddable":true,"href":"https:\/\/goromenstore.com\/ca\/wp-json\/wp\/v2\/product_tag?post=9346"}],"curies":[{"name":"wp","href":"https:\/\/api.w.org\/{rel}","templated":true}]}}