{"id":9342,"date":"2022-10-03T13:25:10","date_gmt":"2025-02-21T13:43:02","guid":{"rendered":"https:\/\/goromenstore.com\/samarreta-de-pijama-hanro\/"},"modified":"2025-02-21T14:43:02","modified_gmt":"2025-02-21T13:43:02","slug":"samarreta-de-pijama-hanro","status":"publish","type":"product","link":"https:\/\/goromenstore.com\/ca\/producte\/samarreta-de-pijama-hanro\/","title":{"rendered":"SAMARRETA DE PIJAMA HANRO"},"content":{"rendered":"<p>La cl\u00e0ssica camisa de m\u00e0niga llarga de la s\u00e8rie Night &amp; Day de HANRO, feta de punt de cot\u00f3 fi, \u00e9s l&#8217;estil adequat per al dormitori i, per descomptat, tamb\u00e9 per a moltes activitats fora. Es pot combinar perfectament amb els pantalons de la s\u00e8rie Night &amp; Day i molts altres estils de roba de dormir i roba de casa de HANRO.<\/p>\n","protected":false},"excerpt":{"rendered":"<div class=\"product attribute short-description\">\n<div class=\"value\">\n<ul>\n<li>Camisa de m\u00e0niga llarga amb punys adjunts a l&#8217;escot<\/li>\n<li>Qualitat de jersei suau per a una gran comoditat.<\/li>\n<li>Logotip FANRO de cuir<\/li>\n<li>Es pot combinar de moltes maneres.<\/li>\n<\/ul>\n<\/div>\n<\/div>\n<div class=\"product attribute material-composition\">\n<div class=\"value\">100% cot\u00f3<\/div>\n<\/div>\n","protected":false},"featured_media":6453,"comment_status":"open","ping_status":"closed","template":"","meta":{"_monsterinsights_skip_tracking":false,"_monsterinsights_sitenote_active":false,"_monsterinsights_sitenote_note":"","_monsterinsights_sitenote_category":0},"product_cat":[1477],"product_tag":[],"class_list":{"0":"post-9342","1":"product","2":"type-product","3":"status-publish","4":"has-post-thumbnail","6":"product_brand-hanro","7":"product_cat-pijames-home","9":"first","10":"instock","11":"shipping-taxable","12":"purchasable","13":"product-type-variable"},"aioseo_notices":[],"_links":{"self":[{"href":"https:\/\/goromenstore.com\/ca\/wp-json\/wp\/v2\/product\/9342","targetHints":{"allow":["GET"]}}],"collection":[{"href":"https:\/\/goromenstore.com\/ca\/wp-json\/wp\/v2\/product"}],"about":[{"href":"https:\/\/goromenstore.com\/ca\/wp-json\/wp\/v2\/types\/product"}],"replies":[{"embeddable":true,"href":"https:\/\/goromenstore.com\/ca\/wp-json\/wp\/v2\/comments?post=9342"}],"wp:featuredmedia":[{"embeddable":true,"href":"https:\/\/goromenstore.com\/ca\/wp-json\/wp\/v2\/media\/6453"}],"wp:attachment":[{"href":"https:\/\/goromenstore.com\/ca\/wp-json\/wp\/v2\/media?parent=9342"}],"wp:term":[{"taxonomy":"product_cat","embeddable":true,"href":"https:\/\/goromenstore.com\/ca\/wp-json\/wp\/v2\/product_cat?post=9342"},{"taxonomy":"product_tag","embeddable":true,"href":"https:\/\/goromenstore.com\/ca\/wp-json\/wp\/v2\/product_tag?post=9342"}],"curies":[{"name":"wp","href":"https:\/\/api.w.org\/{rel}","templated":true}]}}