{"id":9321,"date":"2022-10-03T12:17:29","date_gmt":"2025-02-21T13:42:57","guid":{"rendered":"https:\/\/goromenstore.com\/jaqueta-amb-caputxa-fanro\/"},"modified":"2025-02-21T14:42:57","modified_gmt":"2025-02-21T13:42:57","slug":"jaqueta-amb-caputxa-fanro","status":"publish","type":"product","link":"https:\/\/goromenstore.com\/ca\/producte\/jaqueta-amb-caputxa-fanro\/","title":{"rendered":"JAQUETA AMB CAPUTXA FANRO"},"content":{"rendered":"<p>Aquest su\u00e8ter HANRO de la s\u00e8rie Natural Living ofereix la m\u00e0xima comoditat en un disseny modern. Est\u00e0 fet de pelfa francesa suau que mant\u00e9 la forma i t\u00e9 un raspallat suau a l&#8217;interior, perfecte per sentir-se b\u00e9, fins i tot els dies m\u00e9s freds. La dessuadora amb caputxa es pot combinar tant amb un estil esportiu com amb un look casual i cuidat. Aquesta \u00e9s roba de sal\u00f3 sostenible amb estil.   <\/p>\n","protected":false},"excerpt":{"rendered":"<ul>\n<li>Dessuadora informal i c\u00f2moda d&#8217;home confeccionada amb cot\u00f3 org\u00e0nic<\/li>\n<li>Declaraci\u00f3 de moda amb un tall modern<\/li>\n<li>Panells acanalats i cord\u00f3 amb detall de color.<\/li>\n<li>Estil llest per utilitzar per a la llar i per portar com a pe\u00e7a informal.<\/li>\n<\/ul>\n","protected":false},"featured_media":6406,"comment_status":"open","ping_status":"closed","template":"","meta":{"_monsterinsights_skip_tracking":false,"_monsterinsights_sitenote_active":false,"_monsterinsights_sitenote_note":"","_monsterinsights_sitenote_category":0},"product_cat":[1470,1462],"product_tag":[1884,1925,1859],"class_list":{"0":"post-9321","1":"product","2":"type-product","3":"status-publish","4":"has-post-thumbnail","6":"product_brand-hanro","7":"product_cat-roba-casual","8":"product_cat-xandall","9":"product_tag-casa-ca","10":"product_tag-casual-ca","11":"product_tag-comode","13":"first","14":"instock","15":"shipping-taxable","16":"purchasable","17":"product-type-variable"},"aioseo_notices":[],"_links":{"self":[{"href":"https:\/\/goromenstore.com\/ca\/wp-json\/wp\/v2\/product\/9321","targetHints":{"allow":["GET"]}}],"collection":[{"href":"https:\/\/goromenstore.com\/ca\/wp-json\/wp\/v2\/product"}],"about":[{"href":"https:\/\/goromenstore.com\/ca\/wp-json\/wp\/v2\/types\/product"}],"replies":[{"embeddable":true,"href":"https:\/\/goromenstore.com\/ca\/wp-json\/wp\/v2\/comments?post=9321"}],"wp:featuredmedia":[{"embeddable":true,"href":"https:\/\/goromenstore.com\/ca\/wp-json\/wp\/v2\/media\/6406"}],"wp:attachment":[{"href":"https:\/\/goromenstore.com\/ca\/wp-json\/wp\/v2\/media?parent=9321"}],"wp:term":[{"taxonomy":"product_cat","embeddable":true,"href":"https:\/\/goromenstore.com\/ca\/wp-json\/wp\/v2\/product_cat?post=9321"},{"taxonomy":"product_tag","embeddable":true,"href":"https:\/\/goromenstore.com\/ca\/wp-json\/wp\/v2\/product_tag?post=9321"}],"curies":[{"name":"wp","href":"https:\/\/api.w.org\/{rel}","templated":true}]}}