{"id":9316,"date":"2022-09-22T17:59:49","date_gmt":"2022-09-22T15:59:49","guid":{"rendered":"https:\/\/goromenstore.com\/pijama-hanro-de-coto-merceritzat\/"},"modified":"2025-02-21T14:42:57","modified_gmt":"2025-02-21T13:42:57","slug":"pijama-hanro-de-coto-merceritzat","status":"publish","type":"product","link":"https:\/\/goromenstore.com\/ca\/producte\/pijama-hanro-de-coto-merceritzat\/","title":{"rendered":"pijama hanro de cot\u00f3 merceritzat"},"content":{"rendered":"<p><span>Aquesta roba de dormir de la s\u00e8rie HANRO Night Selection combina la m\u00e0xima comoditat amb un disseny elegant atemporal.  <\/span><span>Est\u00e0 fet dinterlock de cot\u00f3 merceritzat fi, que ofereix una comoditat d\u00fas excepcional per al dia i la nit.  <\/span><span>La brillantor del color elegant i el subtil detall de la canonada fan que el look sigui perfecte.  <\/span><span>Per a un toc de luxe a casa i fora.<\/span><\/p>\n","protected":false},"excerpt":{"rendered":"<ul>\n<li><span>Conjunt de pijama de luxe fet de 100% cot\u00f3.<\/span><\/li>\n<li><span>Interlock merceritzat amb una brillantor sedosa<\/span><\/li>\n<li><span>Top llarg de pijama amb escot en bec<\/span><\/li>\n<li><span>Pantalons llargs de dormir amb detall de rivets i butxaques<\/span><\/li>\n<\/ul>\n","protected":false},"featured_media":6268,"comment_status":"open","ping_status":"closed","template":"","meta":{"_monsterinsights_skip_tracking":false,"_monsterinsights_sitenote_active":false,"_monsterinsights_sitenote_note":"","_monsterinsights_sitenote_category":0},"product_cat":[1477],"product_tag":[1933],"class_list":{"0":"post-9316","1":"product","2":"type-product","3":"status-publish","4":"has-post-thumbnail","6":"product_brand-hanro","7":"product_cat-pijames-home","8":"product_tag-coto-merceritzat","10":"first","11":"instock","12":"sale","13":"shipping-taxable","14":"purchasable","15":"product-type-variable"},"aioseo_notices":[],"_links":{"self":[{"href":"https:\/\/goromenstore.com\/ca\/wp-json\/wp\/v2\/product\/9316","targetHints":{"allow":["GET"]}}],"collection":[{"href":"https:\/\/goromenstore.com\/ca\/wp-json\/wp\/v2\/product"}],"about":[{"href":"https:\/\/goromenstore.com\/ca\/wp-json\/wp\/v2\/types\/product"}],"replies":[{"embeddable":true,"href":"https:\/\/goromenstore.com\/ca\/wp-json\/wp\/v2\/comments?post=9316"}],"wp:featuredmedia":[{"embeddable":true,"href":"https:\/\/goromenstore.com\/ca\/wp-json\/wp\/v2\/media\/6268"}],"wp:attachment":[{"href":"https:\/\/goromenstore.com\/ca\/wp-json\/wp\/v2\/media?parent=9316"}],"wp:term":[{"taxonomy":"product_cat","embeddable":true,"href":"https:\/\/goromenstore.com\/ca\/wp-json\/wp\/v2\/product_cat?post=9316"},{"taxonomy":"product_tag","embeddable":true,"href":"https:\/\/goromenstore.com\/ca\/wp-json\/wp\/v2\/product_tag?post=9316"}],"curies":[{"name":"wp","href":"https:\/\/api.w.org\/{rel}","templated":true}]}}