{"id":9309,"date":"2022-09-22T17:34:16","date_gmt":"2025-02-21T13:42:56","guid":{"rendered":"https:\/\/goromenstore.com\/pantalon-homewear-hanro\/"},"modified":"2025-02-21T14:42:56","modified_gmt":"2025-02-21T13:42:56","slug":"pantalon-homewear-hanro","status":"publish","type":"product","link":"https:\/\/goromenstore.com\/ca\/producte\/pantalon-homewear-hanro\/","title":{"rendered":"pantalon homewear hanro"},"content":{"rendered":"<p>Aquests pantalons FANRO de la s\u00e8rie Smartwear s\u00f3n el tot terreny perfecte: per a la ciutat, l&#8217;oficina, el temps lliure i per viatjar. \u00c9s l&#8217;article imprescindible i c\u00f2mode per a un look elegant a casa o de viatge. El material suau i notablement d&#8217;alta qualitat se sent excepcionalment b\u00e9 a la pell. Els pantalons amb un subtil patr\u00f3 de diamants tamb\u00e9 s\u00f3n lelecci\u00f3 correcta per descansar. MATERIAL 65% cot\u00f3, 26% poli\u00e8ster, 9% poliamida   <\/p>\n","protected":false},"excerpt":{"rendered":"<ul>\n<li>Pantalons llargs en suau jacquard de doble cara<\/li>\n<li>Front llis, esquena el\u00e0stica<\/li>\n<li>Roba casual de negocis intel\u00b7ligent per sentir-se b\u00e9<\/li>\n<li>Pr\u00eat-\u00e0-porter amb jaqueta i bata de la s\u00e8rie<\/li>\n<\/ul>\n","protected":false},"featured_media":6239,"comment_status":"open","ping_status":"closed","template":"","meta":{"_monsterinsights_skip_tracking":false,"_monsterinsights_sitenote_active":false,"_monsterinsights_sitenote_note":"","_monsterinsights_sitenote_category":0},"product_cat":[1403,1479,1462],"product_tag":[1859,1931,1932],"class_list":{"0":"post-9309","1":"product","2":"type-product","3":"status-publish","4":"has-post-thumbnail","6":"product_brand-hanro","7":"product_cat-homewear-home","8":"product_cat-pantalons-homewear-home","9":"product_cat-xandall","10":"product_tag-comode","11":"product_tag-roba-per-a-casa","12":"product_tag-viatjar","14":"first","15":"instock","16":"shipping-taxable","17":"purchasable","18":"product-type-variable"},"aioseo_notices":[],"_links":{"self":[{"href":"https:\/\/goromenstore.com\/ca\/wp-json\/wp\/v2\/product\/9309","targetHints":{"allow":["GET"]}}],"collection":[{"href":"https:\/\/goromenstore.com\/ca\/wp-json\/wp\/v2\/product"}],"about":[{"href":"https:\/\/goromenstore.com\/ca\/wp-json\/wp\/v2\/types\/product"}],"replies":[{"embeddable":true,"href":"https:\/\/goromenstore.com\/ca\/wp-json\/wp\/v2\/comments?post=9309"}],"wp:featuredmedia":[{"embeddable":true,"href":"https:\/\/goromenstore.com\/ca\/wp-json\/wp\/v2\/media\/6239"}],"wp:attachment":[{"href":"https:\/\/goromenstore.com\/ca\/wp-json\/wp\/v2\/media?parent=9309"}],"wp:term":[{"taxonomy":"product_cat","embeddable":true,"href":"https:\/\/goromenstore.com\/ca\/wp-json\/wp\/v2\/product_cat?post=9309"},{"taxonomy":"product_tag","embeddable":true,"href":"https:\/\/goromenstore.com\/ca\/wp-json\/wp\/v2\/product_tag?post=9309"}],"curies":[{"name":"wp","href":"https:\/\/api.w.org\/{rel}","templated":true}]}}