{"id":9298,"date":"2022-09-22T14:02:20","date_gmt":"2025-02-21T13:42:50","guid":{"rendered":"https:\/\/goromenstore.com\/pijama-90modal-empori-armani\/"},"modified":"2025-02-21T14:42:50","modified_gmt":"2025-02-21T13:42:50","slug":"pijama-90modal-empori-armani","status":"publish","type":"product","link":"https:\/\/goromenstore.com\/ca\/producte\/pijama-90modal-empori-armani\/","title":{"rendered":"pijama 90%modal empori armani"},"content":{"rendered":"<p>Les peces d&#8217;aquesta l\u00ednia b\u00e0sica es caracteritzen pel disseny pulcre tant en forma com en color, que s&#8217;adapta de manera natural al fons d&#8217;armari.<\/p>\n<p>Conjunt compost per samarreta de coll rod\u00f3 i pantalons amb cintura el\u00e0stica i cord\u00f3<\/p>\n<p>Composici\u00f3 90% modal 10% Elastane<\/p>\n<p class=\"attributes TechnicalDescription\" data-ytos-ctrl=\"product.attributes\" data-ytos-opt=\"{\"config\":{\"RefreshOnColorChange\":false,\"RefreshOnSizeChange\":false,\"CustomLabel\":null,\"JavaScriptHelperScope\":\"1647597276354176\",\"ShouldRenderJavaScriptHelper\":true},\"options\":{\"attributeName\":\"TechnicalDescription\",\"updateRoute\":\"RenderProductAttributeRawAsync\"}}\" data-ytos-scope=\"1647597276354176\" data-ytos-ver=\"0.5.0\"><span class=\"value\">Punt jersei<br \/>\n Monocolor<br \/>\n Coll rod\u00f3<br \/>\n M\u00e0niga llarga<\/span><\/p>\n","protected":false},"excerpt":{"rendered":"<p>Les peces d&#8217;aquesta l\u00ednia b\u00e0sica es caracteritzen pel disseny pulcre tant en forma com en color, que s&#8217;adapta de manera natural al fons d&#8217;armari.<\/p>\n","protected":false},"featured_media":6201,"comment_status":"open","ping_status":"closed","template":"","meta":{"_monsterinsights_skip_tracking":false,"_monsterinsights_sitenote_active":false,"_monsterinsights_sitenote_note":"","_monsterinsights_sitenote_category":0},"product_cat":[],"product_tag":[],"class_list":{"0":"post-9298","1":"product","2":"type-product","3":"status-publish","4":"has-post-thumbnail","6":"product_brand-emporio-armani","8":"first","9":"instock","10":"shipping-taxable","11":"purchasable","12":"product-type-variable"},"aioseo_notices":[],"_links":{"self":[{"href":"https:\/\/goromenstore.com\/ca\/wp-json\/wp\/v2\/product\/9298","targetHints":{"allow":["GET"]}}],"collection":[{"href":"https:\/\/goromenstore.com\/ca\/wp-json\/wp\/v2\/product"}],"about":[{"href":"https:\/\/goromenstore.com\/ca\/wp-json\/wp\/v2\/types\/product"}],"replies":[{"embeddable":true,"href":"https:\/\/goromenstore.com\/ca\/wp-json\/wp\/v2\/comments?post=9298"}],"wp:featuredmedia":[{"embeddable":true,"href":"https:\/\/goromenstore.com\/ca\/wp-json\/wp\/v2\/media\/6201"}],"wp:attachment":[{"href":"https:\/\/goromenstore.com\/ca\/wp-json\/wp\/v2\/media?parent=9298"}],"wp:term":[{"taxonomy":"product_cat","embeddable":true,"href":"https:\/\/goromenstore.com\/ca\/wp-json\/wp\/v2\/product_cat?post=9298"},{"taxonomy":"product_tag","embeddable":true,"href":"https:\/\/goromenstore.com\/ca\/wp-json\/wp\/v2\/product_tag?post=9298"}],"curies":[{"name":"wp","href":"https:\/\/api.w.org\/{rel}","templated":true}]}}