{"id":9297,"date":"2022-05-03T12:16:27","date_gmt":"2025-02-21T13:42:50","guid":{"rendered":"https:\/\/goromenstore.com\/samarreta-viscosa-hanro\/"},"modified":"2025-02-21T14:42:50","modified_gmt":"2025-02-21T13:42:50","slug":"samarreta-viscosa-hanro","status":"publish","type":"product","link":"https:\/\/goromenstore.com\/ca\/producte\/samarreta-viscosa-hanro\/","title":{"rendered":"samarreta viscosa hanro"},"content":{"rendered":"<div class=\"product attribute short-description\">\n<div class=\"value\">\n<ul>\n<li>Qualitat de viscosa suau i fluida.<\/li>\n<li>Escot en V casual en qualitat de canal\u00e9<\/li>\n<li>Qualitat termoreguladora, respectuosa amb la pell i f\u00e0cil de cuidar per a una m\u00e0xima comoditat d\u00b4\u00fas<\/li>\n<\/ul>\n<p>&nbsp;<\/p>\n<\/div>\n<\/div>\n<div class=\"product attribute material-composition\">\n<div class=\"value\">95% viscosa, 5% elast\u00e0<\/div>\n<\/div>\n<div class=\"product attribute description\">\n<div class=\"value\">Amb la s\u00e8rie CASUALS, obtens estils vers\u00e0tils per dormir, descansar i passar el temps lliure. La qualitat de la viscosa el\u00e0stica conven\u00e7 principalment per la seva caiguda particularment c\u00f2moda i fluida. Equilibri de temperatura, agradable a la pell.<\/div>\n<\/div>\n","protected":false},"excerpt":{"rendered":"<div class=\"product attribute short-description\">\n<div class=\"value\">\n<p>&nbsp;<\/p>\n<\/div>\n<\/div>\n<div class=\"product attribute description\">\n<div class=\"value\">Amb la s\u00e8rie CASUALS, obtens estils vers\u00e0tils per dormir, descansar i passar el temps lliure. La qualitat de la viscosa el\u00e0stica conven\u00e7 principalment per la seva caiguda particularment c\u00f2moda i fluida. Equilibri de temperatura, agradable a la pell.<\/div>\n<\/div>\n","protected":false},"featured_media":6000,"comment_status":"open","ping_status":"closed","template":"","meta":{"_monsterinsights_skip_tracking":false,"_monsterinsights_sitenote_active":false,"_monsterinsights_sitenote_note":"","_monsterinsights_sitenote_category":0},"product_cat":[1482,1403,1470],"product_tag":[1858,1923,1924],"class_list":{"0":"post-9297","1":"product","2":"type-product","3":"status-publish","4":"has-post-thumbnail","6":"product_brand-hanro","7":"product_cat-camises-casual","8":"product_cat-homewear-home","9":"product_cat-roba-casual","10":"product_tag-suau","11":"product_tag-temps-lliure","12":"product_tag-viscosa-ca","14":"first","15":"instock","16":"sale","17":"shipping-taxable","18":"purchasable","19":"product-type-variable"},"aioseo_notices":[],"_links":{"self":[{"href":"https:\/\/goromenstore.com\/ca\/wp-json\/wp\/v2\/product\/9297","targetHints":{"allow":["GET"]}}],"collection":[{"href":"https:\/\/goromenstore.com\/ca\/wp-json\/wp\/v2\/product"}],"about":[{"href":"https:\/\/goromenstore.com\/ca\/wp-json\/wp\/v2\/types\/product"}],"replies":[{"embeddable":true,"href":"https:\/\/goromenstore.com\/ca\/wp-json\/wp\/v2\/comments?post=9297"}],"wp:featuredmedia":[{"embeddable":true,"href":"https:\/\/goromenstore.com\/ca\/wp-json\/wp\/v2\/media\/6000"}],"wp:attachment":[{"href":"https:\/\/goromenstore.com\/ca\/wp-json\/wp\/v2\/media?parent=9297"}],"wp:term":[{"taxonomy":"product_cat","embeddable":true,"href":"https:\/\/goromenstore.com\/ca\/wp-json\/wp\/v2\/product_cat?post=9297"},{"taxonomy":"product_tag","embeddable":true,"href":"https:\/\/goromenstore.com\/ca\/wp-json\/wp\/v2\/product_tag?post=9297"}],"curies":[{"name":"wp","href":"https:\/\/api.w.org\/{rel}","templated":true}]}}