{"id":9270,"date":"2022-04-04T13:22:29","date_gmt":"2025-02-21T13:42:47","guid":{"rendered":"https:\/\/goromenstore.com\/samarreta-coto-hanro-maniga-curta\/"},"modified":"2025-02-21T14:42:47","modified_gmt":"2025-02-21T13:42:47","slug":"samarreta-coto-hanro-maniga-curta","status":"publish","type":"product","link":"https:\/\/goromenstore.com\/ca\/producte\/samarreta-coto-hanro-maniga-curta\/","title":{"rendered":"samarreta cot\u00f3 hanro m\u00e0niga curta"},"content":{"rendered":"<div class=\"product attribute material-composition\">\n<div class=\"value\">100% cot\u00f3<\/div>\n<div><\/div>\n<\/div>\n<div class=\"product attribute description\">\n<div class=\"value\">Per relaxar-se, viatjar o fer activitats esportives: aquests estils vers\u00e0tils s\u00f3n els companys de lleure perfectes i informals per a interiors o exteriors. Combina les senzilles samarretes b\u00e0siques amb pantalons, jerseis i jaquetes confeccionats en teixit dessuadora suau i lleugerament raspallat a l&#8217;interior, tamb\u00e9 de la s\u00e8rie Living. Les samarretes de cot\u00f3 de punt llis opac es poden combinar de moltes maneres amb qualsevol vestit, fins i tot sota camises cl\u00e0ssiques i vestits d&#8217;oficina.<\/div>\n<\/div>\n","protected":false},"excerpt":{"rendered":"<p>Samarreta b\u00e0sica d&#8217;home confeccionada en cot\u00f3 100% en qualitat single jersei<\/p>\n<p> coll rod\u00f3 alt<\/p>\n<p> Qualitat de la tela opaca<\/p>\n","protected":false},"featured_media":5794,"comment_status":"open","ping_status":"closed","template":"","meta":{"_monsterinsights_skip_tracking":false,"_monsterinsights_sitenote_active":false,"_monsterinsights_sitenote_note":"","_monsterinsights_sitenote_category":0},"product_cat":[1470,1483],"product_tag":[1909,1848,1910],"class_list":{"0":"post-9270","1":"product","2":"type-product","3":"status-publish","4":"has-post-thumbnail","6":"product_brand-hanro","7":"product_cat-roba-casual","8":"product_cat-samarretes-home","9":"product_tag-coto-100-maniga-curta","10":"product_tag-elegant","11":"product_tag-vestibilitat","13":"first","14":"instock","15":"shipping-taxable","16":"purchasable","17":"product-type-variable"},"aioseo_notices":[],"_links":{"self":[{"href":"https:\/\/goromenstore.com\/ca\/wp-json\/wp\/v2\/product\/9270","targetHints":{"allow":["GET"]}}],"collection":[{"href":"https:\/\/goromenstore.com\/ca\/wp-json\/wp\/v2\/product"}],"about":[{"href":"https:\/\/goromenstore.com\/ca\/wp-json\/wp\/v2\/types\/product"}],"replies":[{"embeddable":true,"href":"https:\/\/goromenstore.com\/ca\/wp-json\/wp\/v2\/comments?post=9270"}],"wp:featuredmedia":[{"embeddable":true,"href":"https:\/\/goromenstore.com\/ca\/wp-json\/wp\/v2\/media\/5794"}],"wp:attachment":[{"href":"https:\/\/goromenstore.com\/ca\/wp-json\/wp\/v2\/media?parent=9270"}],"wp:term":[{"taxonomy":"product_cat","embeddable":true,"href":"https:\/\/goromenstore.com\/ca\/wp-json\/wp\/v2\/product_cat?post=9270"},{"taxonomy":"product_tag","embeddable":true,"href":"https:\/\/goromenstore.com\/ca\/wp-json\/wp\/v2\/product_tag?post=9270"}],"curies":[{"name":"wp","href":"https:\/\/api.w.org\/{rel}","templated":true}]}}