{"id":9266,"date":"2025-02-20T17:39:28","date_gmt":"2025-02-21T13:20:46","guid":{"rendered":"https:\/\/goromenstore.com\/pijama-curt-estiu-hanro\/"},"modified":"2025-10-01T01:10:05","modified_gmt":"2025-09-30T23:10:05","slug":"pijama-curt-estiu-hanro","status":"publish","type":"product","link":"https:\/\/goromenstore.com\/ca\/producte\/pijama-curt-estiu-hanro\/","title":{"rendered":"PIJAMA CURT ESTIU HANRO"},"content":{"rendered":"<p>Aquest \u00e9s el pijama perfecte per al\u00b4estiu: disseny discret, m\u00e0xima comoditat i teixit d\u00b4alta qualitat. Aquest conjunt consta d&#8217;una samarreta de color llis amb un escot de bec mascul\u00ed i uns pantalons curts amb un subtil estampat amb una c\u00f2moda cintura i dues butxaques laterals. Quan comencen a pujar les temperatures, ens agrada portar roba de dormir de cot\u00f3 100%: aquesta fibra natural \u00e9s transpirable, agradable per a la pell i ofereix molta llibertat de moviment mentre dormim. El jersei senzill, suau i tou, \u00e9s un aut\u00e8ntic luxe per a la pell.   <\/p>\n","protected":false},"excerpt":{"rendered":"<ul>\n<li>Pijama curt amb escot en bec<\/li>\n<li>Teixit agradablement lleuger fabricat 100% cot\u00f3.<\/li>\n<li>Top de color llis, pantalons curts amb estampat elegant<\/li>\n<li>Cintura el\u00e0stica revestida de roba i dues butxaques.<\/li>\n<li>Agradable per a la pell, transpirable i durador.<\/li>\n<\/ul>\n","protected":false},"featured_media":9252,"comment_status":"open","ping_status":"closed","template":"","meta":{"_monsterinsights_skip_tracking":false,"_monsterinsights_sitenote_active":false,"_monsterinsights_sitenote_note":"","_monsterinsights_sitenote_category":0},"product_cat":[1477],"product_tag":[],"class_list":{"0":"post-9266","1":"product","2":"type-product","3":"status-publish","4":"has-post-thumbnail","6":"product_brand-hanro","7":"product_cat-pijames-home","9":"first","10":"instock","11":"shipping-taxable","12":"purchasable","13":"product-type-variable"},"aioseo_notices":[],"_links":{"self":[{"href":"https:\/\/goromenstore.com\/ca\/wp-json\/wp\/v2\/product\/9266","targetHints":{"allow":["GET"]}}],"collection":[{"href":"https:\/\/goromenstore.com\/ca\/wp-json\/wp\/v2\/product"}],"about":[{"href":"https:\/\/goromenstore.com\/ca\/wp-json\/wp\/v2\/types\/product"}],"replies":[{"embeddable":true,"href":"https:\/\/goromenstore.com\/ca\/wp-json\/wp\/v2\/comments?post=9266"}],"wp:featuredmedia":[{"embeddable":true,"href":"https:\/\/goromenstore.com\/ca\/wp-json\/wp\/v2\/media\/9252"}],"wp:attachment":[{"href":"https:\/\/goromenstore.com\/ca\/wp-json\/wp\/v2\/media?parent=9266"}],"wp:term":[{"taxonomy":"product_cat","embeddable":true,"href":"https:\/\/goromenstore.com\/ca\/wp-json\/wp\/v2\/product_cat?post=9266"},{"taxonomy":"product_tag","embeddable":true,"href":"https:\/\/goromenstore.com\/ca\/wp-json\/wp\/v2\/product_tag?post=9266"}],"curies":[{"name":"wp","href":"https:\/\/api.w.org\/{rel}","templated":true}]}}