{"id":9246,"date":"2024-09-09T13:00:23","date_gmt":"2024-09-09T11:00:23","guid":{"rendered":"https:\/\/goromenstore.com\/cardigan-fanro\/"},"modified":"2025-02-13T12:35:41","modified_gmt":"2025-02-13T11:35:41","slug":"cardigan-fanro","status":"publish","type":"product","link":"https:\/\/goromenstore.com\/ca\/producte\/cardigan-fanro\/","title":{"rendered":"CARDIGAN FANRO"},"content":{"rendered":"<p>Aquesta jaqueta de punt de la gamma Natural Living de HANRO \u00e9s molt c\u00f2moda i moderna. El teixit French terry est\u00e0 apelfat a l&#8217;interior, cosa que la fa molt agradable i mant\u00e9 la forma de forma agradable. Aqu\u00ed tot \u00e9s al seu lloc. Pel que fa a l&#8217;est\u00e8tica, aquesta pe\u00e7a imprescindible per estar a casa destaca pels detalls esportius en punt pla bicolor i tancament de cremallera. Els pantalons completen la gamma a la perfecci\u00f3.<\/p>\n","protected":false},"excerpt":{"rendered":"<p>Jaqueta d\u00b4estar per casa sostenible amb un estil de club modern<br \/>\n Felpa francesa de cot\u00f3 org\u00e0nic suau<br \/>\n Punys i coll amb insercions de punt pla.<br \/>\n Cl\u00e0ssic elegant amb butxaques avantguardistes.<\/p>\n","protected":false},"featured_media":7956,"comment_status":"open","ping_status":"closed","template":"","meta":{"_monsterinsights_skip_tracking":false,"_monsterinsights_sitenote_active":false,"_monsterinsights_sitenote_note":"","_monsterinsights_sitenote_category":0},"product_cat":[1476,1403,1462],"product_tag":[],"class_list":{"0":"post-9246","1":"product","2":"type-product","3":"status-publish","4":"has-post-thumbnail","6":"product_brand-hanro","7":"product_cat-bates-home","8":"product_cat-homewear-home","9":"product_cat-xandall","11":"first","12":"instock","13":"sale","14":"shipping-taxable","15":"purchasable","16":"product-type-variable"},"aioseo_notices":[],"_links":{"self":[{"href":"https:\/\/goromenstore.com\/ca\/wp-json\/wp\/v2\/product\/9246","targetHints":{"allow":["GET"]}}],"collection":[{"href":"https:\/\/goromenstore.com\/ca\/wp-json\/wp\/v2\/product"}],"about":[{"href":"https:\/\/goromenstore.com\/ca\/wp-json\/wp\/v2\/types\/product"}],"replies":[{"embeddable":true,"href":"https:\/\/goromenstore.com\/ca\/wp-json\/wp\/v2\/comments?post=9246"}],"wp:featuredmedia":[{"embeddable":true,"href":"https:\/\/goromenstore.com\/ca\/wp-json\/wp\/v2\/media\/7956"}],"wp:attachment":[{"href":"https:\/\/goromenstore.com\/ca\/wp-json\/wp\/v2\/media?parent=9246"}],"wp:term":[{"taxonomy":"product_cat","embeddable":true,"href":"https:\/\/goromenstore.com\/ca\/wp-json\/wp\/v2\/product_cat?post=9246"},{"taxonomy":"product_tag","embeddable":true,"href":"https:\/\/goromenstore.com\/ca\/wp-json\/wp\/v2\/product_tag?post=9246"}],"curies":[{"name":"wp","href":"https:\/\/api.w.org\/{rel}","templated":true}]}}