{"id":9228,"date":"2024-09-09T18:25:13","date_gmt":"2025-02-13T11:13:44","guid":{"rendered":"https:\/\/goromenstore.com\/pantalons-de-franel-hanro\/"},"modified":"2025-02-13T12:13:44","modified_gmt":"2025-02-13T11:13:44","slug":"pantalons-de-franel-hanro","status":"publish","type":"product","link":"https:\/\/goromenstore.com\/ca\/producte\/pantalons-de-franel-hanro\/","title":{"rendered":"pantalons de franel hanro"},"content":{"rendered":"<p>Aquests pantalons de FANRO de la gamma Cozy Comfort ofereixen una gran comoditat amb un bonic disseny. Aix\u00f2 garanteix comoditat, relaxaci\u00f3 i equilibri interior. Els pantalons per dormir estan confeccionats amb teixit d&#8217;alta qualitat produ\u00eft a \u00c0ustria. Els pantalons amb una c\u00f2moda cintura s\u00f3n ideals per combinar amb totes les peces de la gamma, aix\u00ed com amb les camises Natural Living i Living, per exemple.   <\/p>\n","protected":false},"excerpt":{"rendered":"<p>Pantalons llargs per a home confeccionat en franel\u00b7la suau.<br \/>\n Amb pr\u00e0ctic cord\u00f3 i butxaques.<br \/>\n 100% cot\u00f3 per a looks hivernals acollidors.<br \/>\n Roba de ser per casa vers\u00e0til per al dia i la nit.<\/p>\n","protected":false},"featured_media":7990,"comment_status":"open","ping_status":"closed","template":"","meta":{"_monsterinsights_skip_tracking":false,"_monsterinsights_sitenote_active":false,"_monsterinsights_sitenote_note":"","_monsterinsights_sitenote_category":0},"product_cat":[1477],"product_tag":[],"class_list":{"0":"post-9228","1":"product","2":"type-product","3":"status-publish","4":"has-post-thumbnail","6":"product_brand-hanro","7":"product_cat-pijames-home","9":"first","10":"instock","11":"sale","12":"shipping-taxable","13":"purchasable","14":"product-type-variable"},"aioseo_notices":[],"_links":{"self":[{"href":"https:\/\/goromenstore.com\/ca\/wp-json\/wp\/v2\/product\/9228","targetHints":{"allow":["GET"]}}],"collection":[{"href":"https:\/\/goromenstore.com\/ca\/wp-json\/wp\/v2\/product"}],"about":[{"href":"https:\/\/goromenstore.com\/ca\/wp-json\/wp\/v2\/types\/product"}],"replies":[{"embeddable":true,"href":"https:\/\/goromenstore.com\/ca\/wp-json\/wp\/v2\/comments?post=9228"}],"wp:featuredmedia":[{"embeddable":true,"href":"https:\/\/goromenstore.com\/ca\/wp-json\/wp\/v2\/media\/7990"}],"wp:attachment":[{"href":"https:\/\/goromenstore.com\/ca\/wp-json\/wp\/v2\/media?parent=9228"}],"wp:term":[{"taxonomy":"product_cat","embeddable":true,"href":"https:\/\/goromenstore.com\/ca\/wp-json\/wp\/v2\/product_cat?post=9228"},{"taxonomy":"product_tag","embeddable":true,"href":"https:\/\/goromenstore.com\/ca\/wp-json\/wp\/v2\/product_tag?post=9228"}],"curies":[{"name":"wp","href":"https:\/\/api.w.org\/{rel}","templated":true}]}}