{"id":9207,"date":"2024-12-10T19:19:12","date_gmt":"2024-12-10T18:19:12","guid":{"rendered":"https:\/\/goromenstore.com\/pijama-derek-rose-london\/"},"modified":"2025-01-28T15:13:01","modified_gmt":"2025-01-28T14:13:01","slug":"pijama-derek-rose-london","status":"publish","type":"product","link":"https:\/\/goromenstore.com\/ca\/producte\/pijama-derek-rose-london\/","title":{"rendered":"PIJAMA DEREK ROSE LONDON"},"content":{"rendered":"<p>Dissenyats per al teu temps lliure amb un ajustament relaxat, s\u00f3n perfectes per descansar de dia i de nit. Tenen una jaqueta de tres butxaques, coll cl\u00e0ssic i cintura ajustable amb dos botons. Els laterals el\u00e0stics dels pantalons fan que la part davantera i posterior siguin planes per a m\u00e9s comoditat. Els pijames Felsted estan teixits amb el nostre cot\u00f3 pur lleuger, s\u00faper suau i transpirable. \u00c9s el pijama perfecte per a tot l\u00b4any amb un cl\u00e0ssic i vers\u00e0til quadre blau i blanc.<\/p>\n<p>&nbsp;<\/p>\n","protected":false},"excerpt":{"rendered":"<table>\n<tbody>\n<tr>\n<td>Material:<\/td>\n<td>Pur cot\u00f3<\/td>\n<\/tr>\n<\/tbody>\n<\/table>\n<table>\n<tbody>\n<tr>\n<td>Composici\u00f3:<\/td>\n<td>100% cot\u00f3<\/td>\n<\/tr>\n<\/tbody>\n<\/table>\n<table>\n<tbody>\n<tr>\n<td>Estil relaxat<\/td>\n<\/tr>\n<\/tbody>\n<\/table>\n","protected":false},"featured_media":8468,"comment_status":"open","ping_status":"closed","template":"","meta":{"_monsterinsights_skip_tracking":false,"_monsterinsights_sitenote_active":false,"_monsterinsights_sitenote_note":"","_monsterinsights_sitenote_category":0},"product_cat":[1477],"product_tag":[],"class_list":{"0":"post-9207","1":"product","2":"type-product","3":"status-publish","4":"has-post-thumbnail","6":"product_brand-derek-rose","7":"product_cat-pijames-home","9":"first","10":"instock","11":"shipping-taxable","12":"purchasable","13":"product-type-variable"},"aioseo_notices":[],"_links":{"self":[{"href":"https:\/\/goromenstore.com\/ca\/wp-json\/wp\/v2\/product\/9207","targetHints":{"allow":["GET"]}}],"collection":[{"href":"https:\/\/goromenstore.com\/ca\/wp-json\/wp\/v2\/product"}],"about":[{"href":"https:\/\/goromenstore.com\/ca\/wp-json\/wp\/v2\/types\/product"}],"replies":[{"embeddable":true,"href":"https:\/\/goromenstore.com\/ca\/wp-json\/wp\/v2\/comments?post=9207"}],"wp:featuredmedia":[{"embeddable":true,"href":"https:\/\/goromenstore.com\/ca\/wp-json\/wp\/v2\/media\/8468"}],"wp:attachment":[{"href":"https:\/\/goromenstore.com\/ca\/wp-json\/wp\/v2\/media?parent=9207"}],"wp:term":[{"taxonomy":"product_cat","embeddable":true,"href":"https:\/\/goromenstore.com\/ca\/wp-json\/wp\/v2\/product_cat?post=9207"},{"taxonomy":"product_tag","embeddable":true,"href":"https:\/\/goromenstore.com\/ca\/wp-json\/wp\/v2\/product_tag?post=9207"}],"curies":[{"name":"wp","href":"https:\/\/api.w.org\/{rel}","templated":true}]}}