{"id":9198,"date":"2024-10-29T18:20:17","date_gmt":"2025-01-28T14:13:00","guid":{"rendered":"https:\/\/goromenstore.com\/pack-2-slips-cottonessentials-fanro\/"},"modified":"2025-01-28T15:13:00","modified_gmt":"2025-01-28T14:13:00","slug":"pack-2-slips-cottonessentials-fanro","status":"publish","type":"product","link":"https:\/\/goromenstore.com\/ca\/producte\/pack-2-slips-cottonessentials-fanro\/","title":{"rendered":"PACK 2 SLIPS COTTONESSENTIALS FANRO"},"content":{"rendered":"<div id=\"wrap-page\" class=\"page-wrapper\"><main id=\"content\" class=\"page-main\"><\/p>\n<div class=\"mage-columns\">\n<div class=\"row product-info-details\">\n<div class=\"row-content\">\n<div class=\"row accordion-tab-content\">\n<div class=\"row-content\">\n<div class=\"product-info-content accordion-target data item content tab-open\" data-accordion-target=\"accordion-tab-0\">\n<div class=\"product-info-content-container informations\">\n<div class=\"content-column\">\n<div class=\"content-text\"><span>L&#8217;estil esportiu i l&#8217;ajust personalitzat es combinen per fer que aquests cal\u00e7otets tipus eslip HANRO Cotton Essentials en paquet doble siguin perfectes per utilitzar cada dia. Ara disponibles en nous colors brillants i b\u00e0sics, aquests cal\u00e7otets tipus slip per a home estan confeccionats amb una barreja de cot\u00f3 merceritzat suau amb elast\u00e0 per a m\u00e9s elasticitat. El resultat \u00e9s un ajustament cenyit i afavoridor i una comoditat inigualable combinada amb un estil de cal\u00e7otet per a home modern i contemporani. Cada cal\u00e7otet per a home que es proporciona en aquest pr\u00e0ctic paquet doble no t\u00e9 bragueta, t\u00e9 una cintura el\u00e0stica suau i una bossa folrada per a un ajustament \u00f2ptim.<\/span><\/div>\n<\/div>\n<\/div>\n<\/div>\n<\/div>\n<\/div>\n<\/div>\n<\/div>\n<div class=\"row catalog-product-related\">\n<div class=\"row-content\">\n<div class=\"block related\" data-limit=\"0\" data-shuffle=\"0\">\n<div class=\"block-title title\">\n<div id=\"block-related-heading\" role=\"heading\" aria-level=\"2\"><span>Aix\u00f2 tamb\u00e9 podria encaixar<\/span><\/div>\n<\/div>\n<div class=\"block-content content\" aria-labelledby=\"block-related-heading\">\n<div class=\"products wrapper grid products-grid products-related\">\n<div class=\"slick-prev slick-arrow\"><\/div>\n<\/div>\n<\/div>\n<\/div>\n<\/div>\n<\/div>\n<\/div>\n<p><\/main><\/div>\n<footer class=\"page-footer\">\n<div data-content-type=\"html\" data-appearance=\"default\" data-element=\"main\" data-decoded=\"true\">\n<div class=\"row footer-legal\">\n<div class=\"row-content\">\n<div class=\"store-selector\">\n<div class=\"y1-store-switcher__wrapper switcher\">\n<div class=\"actions dropdown options switcher-options\"><\/div>\n<\/div>\n<\/div>\n<\/div>\n<\/div>\n<p><span id=\"backToTop\" class=\"c-back-to-top\"><\/span><\/div>\n<\/footer>\n","protected":false},"excerpt":{"rendered":"<ul>\n<li><span>Sense bragueta, bossa folrada i ajustament cenyit per a m\u00e9s comoditat.<\/span><\/li>\n<li><span>Pr\u00e0ctic pack de 2 cal\u00e7otets de punt canal\u00e9 fi<\/span><\/li>\n<li><span>92% cot\u00f3 merceritzat, 8% elast\u00e0<\/span><\/li>\n<li><span>Cintura el\u00e0stica suau amb logotip HANRO amb relleu<\/span><\/li>\n<\/ul>\n","protected":false},"featured_media":8425,"comment_status":"open","ping_status":"closed","template":"","meta":{"_monsterinsights_skip_tracking":false,"_monsterinsights_sitenote_active":false,"_monsterinsights_sitenote_note":"","_monsterinsights_sitenote_category":0},"product_cat":[1484,1485],"product_tag":[],"class_list":{"0":"post-9198","1":"product","2":"type-product","3":"status-publish","4":"has-post-thumbnail","6":"product_brand-hanro","7":"product_cat-roba-interior-home","8":"product_cat-slip-home","10":"first","11":"instock","12":"shipping-taxable","13":"purchasable","14":"product-type-variable"},"aioseo_notices":[],"_links":{"self":[{"href":"https:\/\/goromenstore.com\/ca\/wp-json\/wp\/v2\/product\/9198","targetHints":{"allow":["GET"]}}],"collection":[{"href":"https:\/\/goromenstore.com\/ca\/wp-json\/wp\/v2\/product"}],"about":[{"href":"https:\/\/goromenstore.com\/ca\/wp-json\/wp\/v2\/types\/product"}],"replies":[{"embeddable":true,"href":"https:\/\/goromenstore.com\/ca\/wp-json\/wp\/v2\/comments?post=9198"}],"wp:featuredmedia":[{"embeddable":true,"href":"https:\/\/goromenstore.com\/ca\/wp-json\/wp\/v2\/media\/8425"}],"wp:attachment":[{"href":"https:\/\/goromenstore.com\/ca\/wp-json\/wp\/v2\/media?parent=9198"}],"wp:term":[{"taxonomy":"product_cat","embeddable":true,"href":"https:\/\/goromenstore.com\/ca\/wp-json\/wp\/v2\/product_cat?post=9198"},{"taxonomy":"product_tag","embeddable":true,"href":"https:\/\/goromenstore.com\/ca\/wp-json\/wp\/v2\/product_tag?post=9198"}],"curies":[{"name":"wp","href":"https:\/\/api.w.org\/{rel}","templated":true}]}}