{"id":9178,"date":"2024-09-13T13:02:59","date_gmt":"2025-01-28T14:12:51","guid":{"rendered":"https:\/\/goromenstore.com\/samarreta-modal-derek-rose-london-2\/"},"modified":"2025-01-28T15:12:51","modified_gmt":"2025-01-28T14:12:51","slug":"samarreta-modal-derek-rose-london-2","status":"publish","type":"product","link":"https:\/\/goromenstore.com\/ca\/producte\/samarreta-modal-derek-rose-london-2\/","title":{"rendered":"SAMARRETA MODAL DEREK ROSE LONDON"},"content":{"rendered":"<p>La samarreta Alex presenta un ajustament cenyit i una longitud m\u00e9s llarga per a una aparen\u00e7a minimalista i estilitzada. Amb un escot que abra\u00e7a perfectament la base del coll, \u00e9s la capa base perfecta per a totes les ocasions. La nostra qualitat Alex combina una barreja de 94% micro modal i 6% elast\u00e0 per a una suavitat i comoditat excepcionals. \u00c0lex no nom\u00e9s \u00e9s suau, sin\u00f3 que les propietats termost\u00e0tiques de les fibres micromodals els permeten reaccionar als canvis de temperatura i regular la calor corporal. A m\u00e9s a m\u00e9s, el teixit conserva la seva suavitat inicial i tamb\u00e9 \u00e9s respectu\u00f3s amb el medi ambient: est\u00e0 fabricat a partir de faigs europeus de boscos sostenibles mitjan\u00e7ant un proc\u00e9s neutre en carboni.<\/p>\n","protected":false},"excerpt":{"rendered":"<p>Composici\u00f3: 94% modal, 6% elast\u00e0<br \/>\n Adaptar: Ajustament cenyit<\/p>\n","protected":false},"featured_media":8141,"comment_status":"open","ping_status":"closed","template":"","meta":{"_monsterinsights_skip_tracking":false,"_monsterinsights_sitenote_active":false,"_monsterinsights_sitenote_note":"","_monsterinsights_sitenote_category":0},"product_cat":[1482,1470,1484,1486,1483],"product_tag":[],"class_list":{"0":"post-9178","1":"product","2":"type-product","3":"status-publish","4":"has-post-thumbnail","6":"product_brand-derek-rose","7":"product_cat-camises-casual","8":"product_cat-roba-casual","9":"product_cat-roba-interior-home","10":"product_cat-samarreta-interior-home","11":"product_cat-samarretes-home","13":"first","14":"instock","15":"shipping-taxable","16":"purchasable","17":"product-type-variable"},"aioseo_notices":[],"_links":{"self":[{"href":"https:\/\/goromenstore.com\/ca\/wp-json\/wp\/v2\/product\/9178","targetHints":{"allow":["GET"]}}],"collection":[{"href":"https:\/\/goromenstore.com\/ca\/wp-json\/wp\/v2\/product"}],"about":[{"href":"https:\/\/goromenstore.com\/ca\/wp-json\/wp\/v2\/types\/product"}],"replies":[{"embeddable":true,"href":"https:\/\/goromenstore.com\/ca\/wp-json\/wp\/v2\/comments?post=9178"}],"wp:featuredmedia":[{"embeddable":true,"href":"https:\/\/goromenstore.com\/ca\/wp-json\/wp\/v2\/media\/8141"}],"wp:attachment":[{"href":"https:\/\/goromenstore.com\/ca\/wp-json\/wp\/v2\/media?parent=9178"}],"wp:term":[{"taxonomy":"product_cat","embeddable":true,"href":"https:\/\/goromenstore.com\/ca\/wp-json\/wp\/v2\/product_cat?post=9178"},{"taxonomy":"product_tag","embeddable":true,"href":"https:\/\/goromenstore.com\/ca\/wp-json\/wp\/v2\/product_tag?post=9178"}],"curies":[{"name":"wp","href":"https:\/\/api.w.org\/{rel}","templated":true}]}}