{"id":9169,"date":"2024-09-30T14:23:50","date_gmt":"2025-01-28T14:12:50","guid":{"rendered":"https:\/\/goromenstore.com\/pantalo-llarg-fanro\/"},"modified":"2025-02-13T13:16:06","modified_gmt":"2025-02-13T12:16:06","slug":"pantalo-llarg-fanro","status":"publish","type":"product","link":"https:\/\/goromenstore.com\/ca\/producte\/pantalo-llarg-fanro\/","title":{"rendered":"PANTAL\u00d3 LLARG FANRO"},"content":{"rendered":"<p>Els pantalons FANRO de la gamma Cozy Living conviden a fer pauses i gaudir d\u00b4un agradable descans durant tot el dia. Estan confeccionats en teixit de doble cara de gran qualitat amb un percentatge de cot\u00f3 procedent de fibres reciclades certificades. L&#8217;estil mascul\u00ed \u00e9s informal i sofisticat alhora: un tot terreny per a la ciutat, l&#8217;oficina, el lleure i els viatges. Combinen a la perfecci\u00f3 amb les gammes Woolen Silk i Cozy Comfort per crear looks totals.   <\/p>\n","protected":false},"excerpt":{"rendered":"<p>Pantalons llargs confeccionats en suau jersei de doble cara.<br \/>\n Camal ajustat, cord\u00f3 i butxaques laterals.<br \/>\n Roba casual c\u00f2moda per a looks urbans<br \/>\n Es pot combinar amb la jaqueta i la bata de la gamma.<\/p>\n","protected":false},"featured_media":8265,"comment_status":"open","ping_status":"closed","template":"","meta":{"_monsterinsights_skip_tracking":false,"_monsterinsights_sitenote_active":false,"_monsterinsights_sitenote_note":"","_monsterinsights_sitenote_category":0},"product_cat":[1403,1479,1462],"product_tag":[],"class_list":{"0":"post-9169","1":"product","2":"type-product","3":"status-publish","4":"has-post-thumbnail","6":"product_brand-hanro","7":"product_cat-homewear-home","8":"product_cat-pantalons-homewear-home","9":"product_cat-xandall","11":"first","12":"instock","13":"shipping-taxable","14":"purchasable","15":"product-type-variable"},"aioseo_notices":[],"_links":{"self":[{"href":"https:\/\/goromenstore.com\/ca\/wp-json\/wp\/v2\/product\/9169","targetHints":{"allow":["GET"]}}],"collection":[{"href":"https:\/\/goromenstore.com\/ca\/wp-json\/wp\/v2\/product"}],"about":[{"href":"https:\/\/goromenstore.com\/ca\/wp-json\/wp\/v2\/types\/product"}],"replies":[{"embeddable":true,"href":"https:\/\/goromenstore.com\/ca\/wp-json\/wp\/v2\/comments?post=9169"}],"wp:featuredmedia":[{"embeddable":true,"href":"https:\/\/goromenstore.com\/ca\/wp-json\/wp\/v2\/media\/8265"}],"wp:attachment":[{"href":"https:\/\/goromenstore.com\/ca\/wp-json\/wp\/v2\/media?parent=9169"}],"wp:term":[{"taxonomy":"product_cat","embeddable":true,"href":"https:\/\/goromenstore.com\/ca\/wp-json\/wp\/v2\/product_cat?post=9169"},{"taxonomy":"product_tag","embeddable":true,"href":"https:\/\/goromenstore.com\/ca\/wp-json\/wp\/v2\/product_tag?post=9169"}],"curies":[{"name":"wp","href":"https:\/\/api.w.org\/{rel}","templated":true}]}}