{"id":9154,"date":"2024-09-10T11:10:44","date_gmt":"2024-09-10T09:10:44","guid":{"rendered":"https:\/\/goromenstore.com\/pijama-coto-hanro\/"},"modified":"2025-03-31T01:05:08","modified_gmt":"2025-03-30T23:05:08","slug":"pijama-coto-hanro","status":"publish","type":"product","link":"https:\/\/goromenstore.com\/ca\/producte\/pijama-coto-hanro\/","title":{"rendered":"PIJAMA COT\u00d3 HANRO"},"content":{"rendered":"<p>El pijama de m\u00e0niga llarga Night &amp; Day d&#8217;estil cl\u00e0ssic \u00e9s prou vers\u00e0til per utilitzar-lo com a roba d&#8217;estar a casa o per dormir, i \u00e9s una bona opci\u00f3 per dormir o relaxar-se. Aquest pijama per a home, confeccionat en 100% cot\u00f3 interlock, \u00e9s una divertida incorporaci\u00f3 amb els seus pantalons estampats. <\/p>\n","protected":false},"excerpt":{"rendered":"<p>100% cot\u00f3 interlock<br \/>\n Coll rod\u00f3<br \/>\n Pantalons amb cintura el\u00e0stica<br \/>\n Butxaques laterals<\/p>\n","protected":false},"featured_media":8057,"comment_status":"open","ping_status":"closed","template":"","meta":{"_monsterinsights_skip_tracking":false,"_monsterinsights_sitenote_active":false,"_monsterinsights_sitenote_note":"","_monsterinsights_sitenote_category":0},"product_cat":[1477],"product_tag":[],"class_list":{"0":"post-9154","1":"product","2":"type-product","3":"status-publish","4":"has-post-thumbnail","6":"product_brand-hanro","7":"product_cat-pijames-home","9":"first","10":"outofstock","11":"sale","12":"shipping-taxable","13":"purchasable","14":"product-type-variable"},"aioseo_notices":[],"_links":{"self":[{"href":"https:\/\/goromenstore.com\/ca\/wp-json\/wp\/v2\/product\/9154","targetHints":{"allow":["GET"]}}],"collection":[{"href":"https:\/\/goromenstore.com\/ca\/wp-json\/wp\/v2\/product"}],"about":[{"href":"https:\/\/goromenstore.com\/ca\/wp-json\/wp\/v2\/types\/product"}],"replies":[{"embeddable":true,"href":"https:\/\/goromenstore.com\/ca\/wp-json\/wp\/v2\/comments?post=9154"}],"wp:featuredmedia":[{"embeddable":true,"href":"https:\/\/goromenstore.com\/ca\/wp-json\/wp\/v2\/media\/8057"}],"wp:attachment":[{"href":"https:\/\/goromenstore.com\/ca\/wp-json\/wp\/v2\/media?parent=9154"}],"wp:term":[{"taxonomy":"product_cat","embeddable":true,"href":"https:\/\/goromenstore.com\/ca\/wp-json\/wp\/v2\/product_cat?post=9154"},{"taxonomy":"product_tag","embeddable":true,"href":"https:\/\/goromenstore.com\/ca\/wp-json\/wp\/v2\/product_tag?post=9154"}],"curies":[{"name":"wp","href":"https:\/\/api.w.org\/{rel}","templated":true}]}}