{"id":9153,"date":"2024-09-13T18:59:22","date_gmt":"2025-01-28T14:12:48","guid":{"rendered":"https:\/\/goromenstore.com\/mitjons-llana-cashmere-hanro-2\/"},"modified":"2025-01-28T15:12:48","modified_gmt":"2025-01-28T14:12:48","slug":"mitjons-llana-cashmere-hanro-2","status":"publish","type":"product","link":"https:\/\/goromenstore.com\/ca\/producte\/mitjons-llana-cashmere-hanro-2\/","title":{"rendered":"MITJONS LLANA CASHMERE HANRO"},"content":{"rendered":"<p>Nous accessoris d\u00b4hivern per combinar amb la col\u00b7lecci\u00f3 HANRO. Aquests mitjons s\u00f3n una opci\u00f3 perfecta per a looks hivernals acollidors.<br \/>\n 36% llana, 27% poliamida, 27% viscosa, 9% caixmir, 1% elast\u00e0 <\/p>\n","protected":false},"excerpt":{"rendered":"<p>Barreja de llana<br \/>\n Un toc de elast\u00e0 per mantenir la forma.<\/p>\n","protected":false},"featured_media":8123,"comment_status":"open","ping_status":"closed","template":"","meta":{"_monsterinsights_skip_tracking":false,"_monsterinsights_sitenote_active":false,"_monsterinsights_sitenote_note":"","_monsterinsights_sitenote_category":0},"product_cat":[],"product_tag":[],"class_list":{"0":"post-9153","1":"product","2":"type-product","3":"status-publish","4":"has-post-thumbnail","6":"product_brand-hanro","8":"first","9":"instock","10":"shipping-taxable","11":"purchasable","12":"product-type-variable"},"aioseo_notices":[],"_links":{"self":[{"href":"https:\/\/goromenstore.com\/ca\/wp-json\/wp\/v2\/product\/9153","targetHints":{"allow":["GET"]}}],"collection":[{"href":"https:\/\/goromenstore.com\/ca\/wp-json\/wp\/v2\/product"}],"about":[{"href":"https:\/\/goromenstore.com\/ca\/wp-json\/wp\/v2\/types\/product"}],"replies":[{"embeddable":true,"href":"https:\/\/goromenstore.com\/ca\/wp-json\/wp\/v2\/comments?post=9153"}],"wp:featuredmedia":[{"embeddable":true,"href":"https:\/\/goromenstore.com\/ca\/wp-json\/wp\/v2\/media\/8123"}],"wp:attachment":[{"href":"https:\/\/goromenstore.com\/ca\/wp-json\/wp\/v2\/media?parent=9153"}],"wp:term":[{"taxonomy":"product_cat","embeddable":true,"href":"https:\/\/goromenstore.com\/ca\/wp-json\/wp\/v2\/product_cat?post=9153"},{"taxonomy":"product_tag","embeddable":true,"href":"https:\/\/goromenstore.com\/ca\/wp-json\/wp\/v2\/product_tag?post=9153"}],"curies":[{"name":"wp","href":"https:\/\/api.w.org\/{rel}","templated":true}]}}